{"id":3694,"date":"2023-11-14T06:54:14","date_gmt":"2023-11-14T06:54:14","guid":{"rendered":"https:\/\/casabrisa.es\/conditions-dacces-et-reservations\/"},"modified":"2026-04-13T20:53:17","modified_gmt":"2026-04-13T20:53:17","slug":"conditions-dacces-et-reservations","status":"publish","type":"page","link":"https:\/\/casabrisa.es\/fr\/conditions-dacces-et-reservations\/","title":{"rendered":"Conditions d&rsquo;acc\u00e8s et r\u00e9servations"},"content":{"rendered":"<p>[et_pb_section fb_built=\u00a0\u00bb1&Prime; _builder_version=\u00a0\u00bb4.23&Prime; _module_preset=\u00a0\u00bbdefault\u00a0\u00bb background_color=\u00a0\u00bbrgba(102,153,175,0.1)\u00a0\u00bb width=\u00a0\u00bb86%\u00a0\u00bb module_alignment=\u00a0\u00bbcenter\u00a0\u00bb custom_margin=\u00a0\u00bb100px||||false|false\u00a0\u00bb global_colors_info=\u00a0\u00bb{}\u00a0\u00bb][et_pb_row _builder_version=\u00a0\u00bb4.23&Prime; _module_preset=\u00a0\u00bbdefault\u00a0\u00bb global_colors_info=\u00a0\u00bb{}\u00a0\u00bb][et_pb_column type=\u00a0\u00bb4_4&Prime; _builder_version=\u00a0\u00bb4.23&Prime; _module_preset=\u00a0\u00bbdefault\u00a0\u00bb global_colors_info=\u00a0\u00bb{}\u00a0\u00bb][et_pb_text _builder_version=\u00a0\u00bb4.27.6&Prime; _module_preset=\u00a0\u00bbdefault\u00a0\u00bb text_font=\u00a0\u00bbHelvetica Neue Regular||||||||\u00a0\u00bb text_text_color=\u00a0\u00bb#6699af\u00a0\u00bb header_2_font=\u00a0\u00bbHelvetica Neue Light||||||||\u00a0\u00bb header_2_text_align=\u00a0\u00bbcenter\u00a0\u00bb header_2_text_color=\u00a0\u00bb#6699af\u00a0\u00bb header_2_font_size=\u00a0\u00bb30px\u00a0\u00bb header_2_line_height=\u00a0\u00bb1.3em\u00a0\u00bb custom_margin=\u00a0\u00bb||0px||false|false\u00a0\u00bb custom_padding=\u00a0\u00bb||||false|false\u00a0\u00bb hover_enabled=\u00a0\u00bb0&Prime; header_2_font_size_tablet=\u00a0\u00bb28px\u00a0\u00bb header_2_font_size_phone=\u00a0\u00bb24px\u00a0\u00bb header_2_font_size_last_edited=\u00a0\u00bbon|phone\u00a0\u00bb header_2_letter_spacing_tablet=\u00a0\u00bb8px\u00a0\u00bb header_2_letter_spacing_phone=\u00a0\u00bb4px\u00a0\u00bb header_2_letter_spacing_last_edited=\u00a0\u00bboff|desktop\u00a0\u00bb locked=\u00a0\u00bboff\u00a0\u00bb global_colors_info=\u00a0\u00bb{}\u00a0\u00bb sticky_enabled=\u00a0\u00bb0&Prime;]<\/p>\n<h1>Conditions d&rsquo;acc\u00e8s et r\u00e9servations<\/h1>\n<p>[\/et_pb_text][\/et_pb_column][\/et_pb_row][et_pb_row _builder_version=\u00a0\u00bb4.23&Prime; _module_preset=\u00a0\u00bbdefault\u00a0\u00bb width=\u00a0\u00bb90%\u00a0\u00bb max_width=\u00a0\u00bb90%\u00a0\u00bb global_colors_info=\u00a0\u00bb{}\u00a0\u00bb][et_pb_column type=\u00a0\u00bb4_4&Prime; _builder_version=\u00a0\u00bb4.23&Prime; _module_preset=\u00a0\u00bbdefault\u00a0\u00bb global_colors_info=\u00a0\u00bb{}\u00a0\u00bb][et_pb_text _builder_version=\u00a0\u00bb4.23&Prime; _module_preset=\u00a0\u00bbdefault\u00a0\u00bb header_3_font=\u00a0\u00bbHelvetica Neue Regular||||||||\u00a0\u00bb header_3_text_color=\u00a0\u00bb#6699AF\u00a0\u00bb custom_margin=\u00a0\u00bb||15px|||\u00a0\u00bb global_colors_info=\u00a0\u00bb{}\u00a0\u00bb]<\/p>\n<h3>R\u00e9servation:<\/h3>\n<p>[\/et_pb_text][et_pb_text _builder_version=\u00a0\u00bb4.23&Prime; _module_preset=\u00a0\u00bbdefault\u00a0\u00bb text_font=\u00a0\u00bbHelvetica Neue Regular||||||||\u00a0\u00bb text_text_color=\u00a0\u00bb#6699AF\u00a0\u00bb ul_font=\u00a0\u00bbHelvetica Neue Regular||on||||||\u00a0\u00bb ul_font_size=\u00a0\u00bb15px\u00a0\u00bb locked=\u00a0\u00bboff\u00a0\u00bb global_colors_info=\u00a0\u00bb{}\u00a0\u00bb]<\/p>\n<ul>\n<li>Toutes les r\u00e9servations n\u00e9cessitent un acompte de 30% du co\u00fbt total du s\u00e9jour, payable au moment de la r\u00e9servation<\/li>\n<li>La r\u00e9servation est confirm\u00e9e d\u00e8s r\u00e9ception de l&rsquo;acompte de 30%<\/li>\n<li>En aucun cas, vous ne pourrez b\u00e9n\u00e9ficier du droit de s\u00e9journer dans les locaux au-del\u00e0 des dates r\u00e9serv\u00e9es et accept\u00e9es par le propri\u00e9taire<\/li>\n<li>Lors de la r\u00e9servation, le nombre de personnes doit \u00eatre pr\u00e9cis\u00e9. En cas de d\u00e9passement du nombre de personnes pr\u00e9vu, le propri\u00e9taire peut refuser ces personnes suppl\u00e9mentaires. Ce refus ne peut en aucun cas \u00eatre consid\u00e9r\u00e9 comme une modification ou une interruption du s\u00e9jour. Ainsi, en cas de d\u00e9part d&rsquo;un nombre de personnes sup\u00e9rieur \u00e0 celui refus\u00e9, aucun remboursement ne pourra \u00eatre envisag\u00e9   <\/li>\n<\/ul>\n<p>[\/et_pb_text][et_pb_text _builder_version=\u00a0\u00bb4.23&Prime; _module_preset=\u00a0\u00bbdefault\u00a0\u00bb header_3_font=\u00a0\u00bbHelvetica Neue Regular||||||||\u00a0\u00bb header_3_text_color=\u00a0\u00bb#6699AF\u00a0\u00bb custom_margin=\u00a0\u00bb||15px|||\u00a0\u00bb global_colors_info=\u00a0\u00bb{}\u00a0\u00bb]<\/p>\n<h3>Annulation:<\/h3>\n<p>[\/et_pb_text][et_pb_text _builder_version=\u00a0\u00bb4.27.4&Prime; _module_preset=\u00a0\u00bbdefault\u00a0\u00bb text_font=\u00a0\u00bbHelvetica Neue Regular||||||||\u00a0\u00bb text_text_color=\u00a0\u00bb#6699AF\u00a0\u00bb ul_font=\u00a0\u00bbHelvetica Neue Regular||on||||||\u00a0\u00bb ul_font_size=\u00a0\u00bb15px\u00a0\u00bb locked=\u00a0\u00bboff\u00a0\u00bb global_colors_info=\u00a0\u00bb{}\u00a0\u00bb]<\/p>\n<ul>\n<li>Toute annulation ou modification de la r\u00e9servation doit \u00eatre notifi\u00e9e par \u00e9crit, par courrier \u00e9lectronique, \u00e0 l&rsquo;attention du propri\u00e9taire<\/li>\n<li>Annulation jusqu&rsquo;\u00e0 30 jours avant la date d&rsquo;arriv\u00e9e pr\u00e9vue &#8211; remboursement \u00e0 100% de votre acompte. Toute annulation apr\u00e8s cette p\u00e9riode ne sera pas remboursable. Les annulations effectu\u00e9es dans les 48 heures pr\u00e9c\u00e9dant l&rsquo;heure d&rsquo;arriv\u00e9e pr\u00e9vue seront factur\u00e9es au montant total du s\u00e9jour.  <\/li>\n<li>Si vous ne vous pr\u00e9sentez pas avant 20h00 le jour pr\u00e9vu de votre arriv\u00e9e, votre r\u00e9servation sera annul\u00e9e et le propri\u00e9taire aura le droit de r\u00e9attribuer la r\u00e9servation de la chambre<\/li>\n<li>L&rsquo;acompte reste acquis au propri\u00e9taire qui se r\u00e9serve le droit de r\u00e9clamer le solde du co\u00fbt du s\u00e9jour En cas d&rsquo;interruption\/modification du s\u00e9jour, le co\u00fbt total du s\u00e9jour reste d\u00fb<\/li>\n<\/ul>\n<p>[\/et_pb_text][et_pb_text _builder_version=\u00a0\u00bb4.23&Prime; _module_preset=\u00a0\u00bbdefault\u00a0\u00bb header_3_font=\u00a0\u00bbHelvetica Neue Regular||||||||\u00a0\u00bb header_3_text_color=\u00a0\u00bb#6699AF\u00a0\u00bb custom_margin=\u00a0\u00bb||15px|||\u00a0\u00bb global_colors_info=\u00a0\u00bb{}\u00a0\u00bb]<\/p>\n<h3>Enregistrement et d\u00e9part:<\/h3>\n<p>[\/et_pb_text][et_pb_text _builder_version=\u00a0\u00bb4.23&Prime; _module_preset=\u00a0\u00bbdefault\u00a0\u00bb text_font=\u00a0\u00bbHelvetica Neue Regular||||||||\u00a0\u00bb text_text_color=\u00a0\u00bb#6699AF\u00a0\u00bb ul_font=\u00a0\u00bbHelvetica Neue Regular||on||||||\u00a0\u00bb ul_font_size=\u00a0\u00bb15px\u00a0\u00bb locked=\u00a0\u00bboff\u00a0\u00bb global_colors_info=\u00a0\u00bb{}\u00a0\u00bb]<\/p>\n<ul>\n<li>L&rsquo;heure d&rsquo;arriv\u00e9e est comprise entre 16h00 et 20h00<\/li>\n<li>L&rsquo;enregistrement anticip\u00e9 ou tardif peut \u00eatre effectu\u00e9 sur demande et sous r\u00e9serve de disponibilit\u00e9<\/li>\n<li>L&rsquo;heure de d\u00e9part est fix\u00e9e \u00e0 11h00. Le d\u00e9part tardif peut entra\u00eener des frais suppl\u00e9mentaires <\/li>\n<li>Au moment de votre arriv\u00e9e et apr\u00e8s l&rsquo;enregistrement, nous accomplirons ensemble quelques formalit\u00e9s : photocopie de votre carte d&rsquo;identit\u00e9 ou de votre passeport (si cela n&rsquo;a pas d\u00e9j\u00e0 \u00e9t\u00e9 fait lors de la r\u00e9servation), paiement de la totalit\u00e9 du s\u00e9jour (en esp\u00e8ces ou par virement bancaire), \u00e9dition de votre facture, remise de la cl\u00e9 de votre chambre<\/li>\n<li>La taxe de s\u00e9jour est \u00e0 r\u00e9gler \u00e0 l&rsquo;arriv\u00e9e<\/li>\n<li>En cas de perte des cl\u00e9s et de la t\u00e9l\u00e9commande qui vous ont \u00e9t\u00e9 confi\u00e9es, une somme forfaitaire de 50 \u20ac vous sera factur\u00e9e<\/li>\n<\/ul>\n<p>[\/et_pb_text][et_pb_text _builder_version=\u00a0\u00bb4.23&Prime; _module_preset=\u00a0\u00bbdefault\u00a0\u00bb header_3_font=\u00a0\u00bbHelvetica Neue Regular||||||||\u00a0\u00bb header_3_text_color=\u00a0\u00bb#6699AF\u00a0\u00bb custom_margin=\u00a0\u00bb||15px|||\u00a0\u00bb global_colors_info=\u00a0\u00bb{}\u00a0\u00bb]<\/p>\n<h3>Acc\u00e8s \u00e0 la propri\u00e9t\u00e9:<\/h3>\n<p>[\/et_pb_text][et_pb_text _builder_version=\u00a0\u00bb4.23&Prime; _module_preset=\u00a0\u00bbdefault\u00a0\u00bb text_font=\u00a0\u00bbHelvetica Neue Regular||||||||\u00a0\u00bb text_text_color=\u00a0\u00bb#6699AF\u00a0\u00bb ul_font=\u00a0\u00bbHelvetica Neue Regular||on||||||\u00a0\u00bb ul_font_size=\u00a0\u00bb15px\u00a0\u00bb locked=\u00a0\u00bboff\u00a0\u00bb global_colors_info=\u00a0\u00bb{}\u00a0\u00bb]<\/p>\n<ul>\n<li>L&rsquo;acc\u00e8s est interdit aux personnes \u00e2g\u00e9es de moins de 18 ans, m\u00eame si elles sont accompagn\u00e9es de leurs parents<\/li>\n<li>Seuls les clients ayant r\u00e9serv\u00e9 sont autoris\u00e9s \u00e0 p\u00e9n\u00e9trer dans les locaux, sauf accord pr\u00e9alable du propri\u00e9taire<\/li>\n<li>Malheureusement, en raison du paysage et de la conception de la propri\u00e9t\u00e9, l&rsquo;acc\u00e8s \u00e0 CASA BRISA n&rsquo;est pas possible pour les personnes ayant des probl\u00e8mes de mobilit\u00e9. Si vous avez des inqui\u00e9tudes, veuillez nous contacter avant de faire une r\u00e9servation <\/li>\n<li>Il est recommand\u00e9 d&rsquo;avoir son propre v\u00e9hicule pour se rendre \u00e0 CASA BRISA, car les transports publics sont extr\u00eamement limit\u00e9s. Cela vous permettra \u00e9galement de profiter pleinement des attractions de la r\u00e9gion. Aucun parking n&rsquo;est disponible <\/li>\n<\/ul>\n<p>[\/et_pb_text][et_pb_text _builder_version=\u00a0\u00bb4.23&Prime; _module_preset=\u00a0\u00bbdefault\u00a0\u00bb header_3_font=\u00a0\u00bbHelvetica Neue Regular||||||||\u00a0\u00bb header_3_text_color=\u00a0\u00bb#6699AF\u00a0\u00bb custom_margin=\u00a0\u00bb||15px|||\u00a0\u00bb global_colors_info=\u00a0\u00bb{}\u00a0\u00bb]<\/p>\n<h3>Espaces ext\u00e9rieurs :<\/h3>\n<p>[\/et_pb_text][et_pb_text _builder_version=\u00a0\u00bb4.23&Prime; _module_preset=\u00a0\u00bbdefault\u00a0\u00bb text_font=\u00a0\u00bbHelvetica Neue Regular||||||||\u00a0\u00bb text_text_color=\u00a0\u00bb#6699AF\u00a0\u00bb ul_font=\u00a0\u00bbHelvetica Neue Regular||on||||||\u00a0\u00bb ul_font_size=\u00a0\u00bb15px\u00a0\u00bb locked=\u00a0\u00bboff\u00a0\u00bb global_colors_info=\u00a0\u00bb{}\u00a0\u00bb]<\/p>\n<ul>\n<li>La piscine est strictement r\u00e9serv\u00e9e aux h\u00f4tes et aux propri\u00e9taires de CASA BRISA. Il est interdit d&rsquo;y inviter des personnes non enregistr\u00e9es, sans l&rsquo;accord pr\u00e9alable des propri\u00e9taires <\/li>\n<li>Une douche ext\u00e9rieure est \u00e0 la disposition des baigneurs. Pour des raisons d&rsquo;hygi\u00e8ne, il est interdit de se baigner sans passer sous la douche. Nous nous r\u00e9servons le droit d&rsquo;interdire l&rsquo;acc\u00e8s \u00e0 la piscine si les conditions d&rsquo;hygi\u00e8ne ne sont pas respect\u00e9es  <\/li>\n<\/ul>\n<p>[\/et_pb_text][et_pb_text _builder_version=\u00a0\u00bb4.23&Prime; _module_preset=\u00a0\u00bbdefault\u00a0\u00bb header_3_font=\u00a0\u00bbHelvetica Neue Regular||||||||\u00a0\u00bb header_3_text_color=\u00a0\u00bb#6699AF\u00a0\u00bb custom_margin=\u00a0\u00bb||15px|||\u00a0\u00bb global_colors_info=\u00a0\u00bb{}\u00a0\u00bb]<\/p>\n<h3>Dommages \u00e0 la propri\u00e9t\u00e9 :<\/h3>\n<p>[\/et_pb_text][et_pb_text _builder_version=\u00a0\u00bb4.23&Prime; _module_preset=\u00a0\u00bbdefault\u00a0\u00bb text_font=\u00a0\u00bbHelvetica Neue Regular||||||||\u00a0\u00bb text_text_color=\u00a0\u00bb#6699AF\u00a0\u00bb ul_font=\u00a0\u00bbHelvetica Neue Regular||on||||||\u00a0\u00bb ul_font_size=\u00a0\u00bb15px\u00a0\u00bb locked=\u00a0\u00bboff\u00a0\u00bb global_colors_info=\u00a0\u00bb{}\u00a0\u00bb]<\/p>\n<ul>\n<li>Les h\u00f4tes sont responsables de tout dommage caus\u00e9 \u00e0 la propri\u00e9t\u00e9 pendant leur s\u00e9jour et seront factur\u00e9s en cons\u00e9quence<\/li>\n<\/ul>\n<p>[\/et_pb_text][et_pb_text _builder_version=\u00a0\u00bb4.23&Prime; _module_preset=\u00a0\u00bbdefault\u00a0\u00bb header_3_font=\u00a0\u00bbHelvetica Neue Regular||||||||\u00a0\u00bb header_3_text_color=\u00a0\u00bb#6699AF\u00a0\u00bb custom_margin=\u00a0\u00bb||15px|||\u00a0\u00bb global_colors_info=\u00a0\u00bb{}\u00a0\u00bb]<\/p>\n<h3>Responsabilit\u00e9 :<\/h3>\n<p>[\/et_pb_text][et_pb_text _builder_version=\u00a0\u00bb4.23&Prime; _module_preset=\u00a0\u00bbdefault\u00a0\u00bb text_font=\u00a0\u00bbHelvetica Neue Regular||||||||\u00a0\u00bb text_text_color=\u00a0\u00bb#6699AF\u00a0\u00bb ul_font=\u00a0\u00bbHelvetica Neue Regular||on||||||\u00a0\u00bb ul_font_size=\u00a0\u00bb15px\u00a0\u00bb locked=\u00a0\u00bboff\u00a0\u00bb global_colors_info=\u00a0\u00bb{}\u00a0\u00bb]<\/p>\n<ul>\n<li>CASA BRISA n&rsquo;est pas responsable des effets personnels perdus, vol\u00e9s ou endommag\u00e9s des h\u00f4tes<\/li>\n<li>Nous ne sommes pas responsables des accidents, des blessures ou des maladies qui surviennent dans la propri\u00e9t\u00e9<\/li>\n<\/ul>\n<p>[\/et_pb_text][et_pb_text _builder_version=\u00a0\u00bb4.23&Prime; _module_preset=\u00a0\u00bbdefault\u00a0\u00bb header_3_font=\u00a0\u00bbHelvetica Neue Regular||||||||\u00a0\u00bb header_3_text_color=\u00a0\u00bb#6699AF\u00a0\u00bb custom_margin=\u00a0\u00bb||15px|||\u00a0\u00bb global_colors_info=\u00a0\u00bb{}\u00a0\u00bb]<\/p>\n<h3>Pr\u00e9occupations environnementales :<\/h3>\n<p>[\/et_pb_text][et_pb_text _builder_version=\u00a0\u00bb4.23&Prime; _module_preset=\u00a0\u00bbdefault\u00a0\u00bb text_font=\u00a0\u00bbHelvetica Neue Regular||||||||\u00a0\u00bb text_text_color=\u00a0\u00bb#6699AF\u00a0\u00bb ul_font=\u00a0\u00bbHelvetica Neue Regular||on||||||\u00a0\u00bb ul_font_size=\u00a0\u00bb15px\u00a0\u00bb locked=\u00a0\u00bboff\u00a0\u00bb global_colors_info=\u00a0\u00bb{}\u00a0\u00bb]<\/p>\n<p>Nous sommes sensibles \u00e0 la conservation de notre plan\u00e8te et souhaitons contribuer \u00e0 la protection de l&rsquo;environnement en minimisant l&#8217;empreinte \u00e9cologique de notre structure d&rsquo;h\u00e9bergement. Des mesures simples et sans compromis peuvent faire beaucoup <\/p>\n<p>[\/et_pb_text][et_pb_text _builder_version=\u00a0\u00bb4.23&Prime; _module_preset=\u00a0\u00bbdefault\u00a0\u00bb text_font=\u00a0\u00bbHelvetica Neue Regular||||||||\u00a0\u00bb text_text_color=\u00a0\u00bb#6699AF\u00a0\u00bb ul_font=\u00a0\u00bbHelvetica Neue Regular||on||||||\u00a0\u00bb ul_font_size=\u00a0\u00bb15px\u00a0\u00bb locked=\u00a0\u00bboff\u00a0\u00bb global_colors_info=\u00a0\u00bb{}\u00a0\u00bb]<\/p>\n<ul>\n<li>\u00c9viter de laisser les lumi\u00e8res allum\u00e9es inutilement<\/li>\n<li>Ne pas gaspiller l&rsquo;eau<\/li>\n<li>Ne jetez rien d&rsquo;autre que du papier hygi\u00e9nique dans les toilettes. Les autres d\u00e9chets peuvent \u00eatre jet\u00e9s dans les poubelles pr\u00e9vues \u00e0 cet effet <\/li>\n<\/ul>\n<p>[\/et_pb_text][et_pb_text _builder_version=\u00a0\u00bb4.25.1&Prime; _module_preset=\u00a0\u00bbdefault\u00a0\u00bb header_3_font=\u00a0\u00bbHelvetica Neue Regular||||||||\u00a0\u00bb header_3_text_color=\u00a0\u00bb#6699AF\u00a0\u00bb custom_margin=\u00a0\u00bb||15px|||\u00a0\u00bb global_colors_info=\u00a0\u00bb{}\u00a0\u00bb]<\/p>\n<h3>Informations compl\u00e9mentaires :<\/h3>\n<p>[\/et_pb_text][et_pb_text _builder_version=\u00a0\u00bb4.23&Prime; _module_preset=\u00a0\u00bbdefault\u00a0\u00bb text_font=\u00a0\u00bbHelvetica Neue Regular||||||||\u00a0\u00bb text_text_color=\u00a0\u00bb#6699AF\u00a0\u00bb ul_font=\u00a0\u00bbHelvetica Neue Regular||on||||||\u00a0\u00bb ul_font_size=\u00a0\u00bb15px\u00a0\u00bb locked=\u00a0\u00bboff\u00a0\u00bb global_colors_info=\u00a0\u00bb{}\u00a0\u00bb]<\/p>\n<ul>\n<li>La Casa Brisa ayant deux bouledogues fran\u00e7ais, aucun autre animal n&rsquo;est autoris\u00e9 dans l&rsquo;enceinte de l&rsquo;\u00e9tablissement<\/li>\n<li>Politique de tol\u00e9rance z\u00e9ro : CASA BRISA applique une politique de tol\u00e9rance z\u00e9ro \u00e0 l&rsquo;\u00e9gard de la consommation de drogues ill\u00e9gales dans ses locaux. Cela signifie que tout invit\u00e9 surpris en train de consommer ou de poss\u00e9der des drogues ill\u00e9gales sera pri\u00e9 de quitter les lieux imm\u00e9diatement, et les autorit\u00e9s pourront \u00eatre averties si n\u00e9cessaire <\/li>\n<li>Politique anti-tabac : Nous avons une politique stricte d&rsquo;interdiction de fumer \u00e0 proximit\u00e9 et dans la maison d&rsquo;h\u00f4tes, ce qui inclut le vapotage. Il est possible de fumer dans la zone d\u00e9sign\u00e9e \u00e0 l&rsquo;ext\u00e9rieur, mais il est important que les h\u00f4tes utilisent cette zone de mani\u00e8re responsable et ne consomment pas de drogues ill\u00e9gales dans ces espaces. Cette politique est mise en place pour assurer le confort de tous les visiteurs et pour maintenir un environnement sans fum\u00e9e  <\/li>\n<li>Les visiteurs ont acc\u00e8s \u00e0 un r\u00e9seau Wifi gratuit. Le t\u00e9l\u00e9chargement ill\u00e9gal est interdit <\/li>\n<\/ul>\n<p>[\/et_pb_text][\/et_pb_column][\/et_pb_row][\/et_pb_section]<\/p>\n","protected":false},"excerpt":{"rendered":"<p>Conditions d&rsquo;acc\u00e8s et r\u00e9servationsR\u00e9servation: Toutes les r\u00e9servations n\u00e9cessitent un acompte de 30% du co\u00fbt total du s\u00e9jour, payable au moment de la r\u00e9servation La r\u00e9servation est confirm\u00e9e d\u00e8s r\u00e9ception de l&rsquo;acompte de 30% En aucun cas, vous ne pourrez b\u00e9n\u00e9ficier du droit de s\u00e9journer dans les locaux au-del\u00e0 des dates r\u00e9serv\u00e9es et accept\u00e9es par le [&hellip;]<\/p>\n","protected":false},"author":2,"featured_media":0,"parent":0,"menu_order":0,"comment_status":"closed","ping_status":"closed","template":"","meta":{"_et_pb_use_builder":"on","_et_pb_old_content":"","_et_gb_content_width":"","footnotes":""},"class_list":["post-3694","page","type-page","status-publish","hentry"],"_links":{"self":[{"href":"https:\/\/casabrisa.es\/fr\/wp-json\/wp\/v2\/pages\/3694","targetHints":{"allow":["GET"]}}],"collection":[{"href":"https:\/\/casabrisa.es\/fr\/wp-json\/wp\/v2\/pages"}],"about":[{"href":"https:\/\/casabrisa.es\/fr\/wp-json\/wp\/v2\/types\/page"}],"author":[{"embeddable":true,"href":"https:\/\/casabrisa.es\/fr\/wp-json\/wp\/v2\/users\/2"}],"replies":[{"embeddable":true,"href":"https:\/\/casabrisa.es\/fr\/wp-json\/wp\/v2\/comments?post=3694"}],"version-history":[{"count":13,"href":"https:\/\/casabrisa.es\/fr\/wp-json\/wp\/v2\/pages\/3694\/revisions"}],"predecessor-version":[{"id":5009,"href":"https:\/\/casabrisa.es\/fr\/wp-json\/wp\/v2\/pages\/3694\/revisions\/5009"}],"wp:attachment":[{"href":"https:\/\/casabrisa.es\/fr\/wp-json\/wp\/v2\/media?parent=3694"}],"curies":[{"name":"wp","href":"https:\/\/api.w.org\/{rel}","templated":true}]}}