{"id":2809,"date":"2023-11-14T06:54:14","date_gmt":"2023-11-14T06:54:14","guid":{"rendered":"https:\/\/casabrisa.es\/condiciones-de-acceso-y-reservas\/"},"modified":"2026-04-13T20:51:36","modified_gmt":"2026-04-13T20:51:36","slug":"condiciones-de-acceso-y-reservas","status":"publish","type":"page","link":"https:\/\/casabrisa.es\/es\/condiciones-de-acceso-y-reservas\/","title":{"rendered":"Condiciones De Acceso y Reservas"},"content":{"rendered":"<p>[et_pb_section fb_built=\u00bb1&#8243; _builder_version=\u00bb4.23&#8243; _module_preset=\u00bbdefault\u00bb background_color=\u00bbrgba(102,153,175,0.1)\u00bb width=\u00bb86%\u00bb module_alignment=\u00bbcenter\u00bb custom_margin=\u00bb100px||||false|false\u00bb global_colors_info=\u00bb{}\u00bb][et_pb_row _builder_version=\u00bb4.23&#8243; _module_preset=\u00bbdefault\u00bb global_colors_info=\u00bb{}\u00bb][et_pb_column type=\u00bb4_4&#8243; _builder_version=\u00bb4.23&#8243; _module_preset=\u00bbdefault\u00bb global_colors_info=\u00bb{}\u00bb][et_pb_text _builder_version=\u00bb4.27.6&#8243; _module_preset=\u00bbdefault\u00bb text_font=\u00bbHelvetica Neue Regular||||||||\u00bb text_text_color=\u00bb#6699af\u00bb header_2_font=\u00bbHelvetica Neue Light||||||||\u00bb header_2_text_align=\u00bbcenter\u00bb header_2_text_color=\u00bb#6699af\u00bb header_2_font_size=\u00bb30px\u00bb header_2_line_height=\u00bb1.3em\u00bb custom_margin=\u00bb||0px||false|false\u00bb custom_padding=\u00bb||||false|false\u00bb hover_enabled=\u00bb0&#8243; header_2_font_size_tablet=\u00bb28px\u00bb header_2_font_size_phone=\u00bb24px\u00bb header_2_font_size_last_edited=\u00bbon|phone\u00bb header_2_letter_spacing_tablet=\u00bb8px\u00bb header_2_letter_spacing_phone=\u00bb4px\u00bb header_2_letter_spacing_last_edited=\u00bboff|desktop\u00bb locked=\u00bboff\u00bb global_colors_info=\u00bb{}\u00bb sticky_enabled=\u00bb0&#8243;]<\/p>\n<h1>Condiciones De Acceso y Reservas<\/h1>\n<p>[\/et_pb_text][\/et_pb_column][\/et_pb_row][et_pb_row _builder_version=\u00bb4.23&#8243; _module_preset=\u00bbdefault\u00bb width=\u00bb90%\u00bb max_width=\u00bb90%\u00bb global_colors_info=\u00bb{}\u00bb][et_pb_column type=\u00bb4_4&#8243; _builder_version=\u00bb4.23&#8243; _module_preset=\u00bbdefault\u00bb global_colors_info=\u00bb{}\u00bb][et_pb_text _builder_version=\u00bb4.23&#8243; _module_preset=\u00bbdefault\u00bb header_3_font=\u00bbHelvetica Neue Regular||||||||\u00bb header_3_text_color=\u00bb#6699AF\u00bb custom_margin=\u00bb||15px|||\u00bb global_colors_info=\u00bb{}\u00bb]<\/p>\n<h3>Reserva:<\/h3>\n<p>[\/et_pb_text][et_pb_text _builder_version=\u00bb4.23&#8243; _module_preset=\u00bbdefault\u00bb text_font=\u00bbHelvetica Neue Regular||||||||\u00bb text_text_color=\u00bb#6699AF\u00bb ul_font=\u00bbHelvetica Neue Regular||on||||||\u00bb ul_font_size=\u00bb15px\u00bb locked=\u00bboff\u00bb global_colors_info=\u00bb{}\u00bb]<\/p>\n<ul>\n<li>Todas las reservas requieren un dep\u00f3sito del 30% del coste total de la estancia, en el momento de la reserva.<\/li>\n<li>La reserva quedar\u00e1 confirmada cuando se haya recibido la totalidad del dep\u00f3sito del 30%.<\/li>\n<li>En ning\u00fan caso se tendr\u00e1 derecho a permanecer en las instalaciones m\u00e1s all\u00e1 de las fechas reservadas y aceptadas por el propietario.<\/li>\n<li>En el momento de efectuar la reserva, deber\u00e1 especificarse el n\u00famero de hu\u00e9spedes. Si se supera el n\u00famero de hu\u00e9spedes previsto, el propietario podr\u00e1 rechazar a estos hu\u00e9spedes adicionales. Este rechazo no puede considerarse en ning\u00fan caso como una modificaci\u00f3n o interrupci\u00f3n de la estancia. Por lo tanto, en caso de salida de un n\u00famero de personas superior al rechazado, no podr\u00e1 considerarse ning\u00fan reembolso.   <\/li>\n<\/ul>\n<p>[\/et_pb_text][et_pb_text _builder_version=\u00bb4.23&#8243; _module_preset=\u00bbdefault\u00bb header_3_font=\u00bbHelvetica Neue Regular||||||||\u00bb header_3_text_color=\u00bb#6699AF\u00bb custom_margin=\u00bb||15px|||\u00bb global_colors_info=\u00bb{}\u00bb]<\/p>\n<h3>Cancelaci\u00f3n:<\/h3>\n<p>[\/et_pb_text][et_pb_text _builder_version=\u00bb4.27.4&#8243; _module_preset=\u00bbdefault\u00bb text_font=\u00bbHelvetica Neue Regular||||||||\u00bb text_text_color=\u00bb#6699AF\u00bb ul_font=\u00bbHelvetica Neue Regular||on||||||\u00bb ul_font_size=\u00bb15px\u00bb locked=\u00bboff\u00bb global_colors_info=\u00bb{}\u00bb]<\/p>\n<ul>\n<li>Toda anulaci\u00f3n o modificaci\u00f3n de la reserva, deber\u00e1 ser notificada por escrito v\u00eda correo electr\u00f3nico, dirigido al propietario.<\/li>\n<li>Cancelaci\u00f3n hasta 30 d\u00edas antes de la fecha de llegada programada: reembolso del 100% de su dep\u00f3sito. Las cancelaciones realizadas despu\u00e9s de este plazo no ser\u00e1n reembolsables. Las cancelaciones realizadas dentro de las 48 horas anteriores a la hora de llegada prevista se cobrar\u00e1n el importe total de la estancia.  <\/li>\n<li>Si no se presenta antes de las 20:00 horas del d\u00eda previsto de llegada, su reserva quedar\u00e1 anulada, y el propietario tendr\u00e1 derecho a reasignar la reserva de la habitaci\u00f3n.<\/li>\n<li>El propietario conserva el dep\u00f3sito y se reserva el derecho a reclamar el resto del importe de la estancia En caso de interrupci\u00f3n o modificaci\u00f3n de la estancia, deber\u00e1 abonarse el importe total de la estancia.<\/li>\n<\/ul>\n<p>[\/et_pb_text][et_pb_text _builder_version=\u00bb4.23&#8243; _module_preset=\u00bbdefault\u00bb header_3_font=\u00bbHelvetica Neue Regular||||||||\u00bb header_3_text_color=\u00bb#6699AF\u00bb custom_margin=\u00bb||15px|||\u00bb global_colors_info=\u00bb{}\u00bb]<\/p>\n<h3>Entrada y Salida:<\/h3>\n<p>[\/et_pb_text][et_pb_text _builder_version=\u00bb4.23&#8243; _module_preset=\u00bbdefault\u00bb text_font=\u00bbHelvetica Neue Regular||||||||\u00bb text_text_color=\u00bb#6699AF\u00bb ul_font=\u00bbHelvetica Neue Regular||on||||||\u00bb ul_font_size=\u00bb15px\u00bb locked=\u00bboff\u00bb global_colors_info=\u00bb{}\u00bb]<\/p>\n<ul>\n<li>El horario de registro de entrada es de 16:00 a 20:00.<\/li>\n<li>Bajo petici\u00f3n y sujeto a disponibilidad, es posible realizar el registro de entrada antes o despu\u00e9s de lo habitual.<\/li>\n<li>La hora de salida es a las 11:00. El registro de salida despu\u00e9s de lo habitual puede conllevar un suplemento. <\/li>\n<li>En el momento de su llegada y despu\u00e9s del check-in, realizaremos juntos algunos tr\u00e1mites: fotocopia de su documento de identidad o pasaporte (si no se ha hecho ya en la reserva) pago de la totalidad de la estancia (en efectivo o transferencia bancaria), edici\u00f3n de su factura, entrega de la llave de su habitaci\u00f3n.<\/li>\n<li>El impuesto de estancia, se abonar\u00e1 a la llegada.<\/li>\n<li>En caso de p\u00e9rdida de las llaves y del mando a distancia que le han sido confiados, se cobrar\u00e1 un importe global de \u20ac 50,00.<\/li>\n<\/ul>\n<p>[\/et_pb_text][et_pb_text _builder_version=\u00bb4.23&#8243; _module_preset=\u00bbdefault\u00bb header_3_font=\u00bbHelvetica Neue Regular||||||||\u00bb header_3_text_color=\u00bb#6699AF\u00bb custom_margin=\u00bb||15px|||\u00bb global_colors_info=\u00bb{}\u00bb]<\/p>\n<h3>Acceso a la Propiedad:<\/h3>\n<p>[\/et_pb_text][et_pb_text _builder_version=\u00bb4.23&#8243; _module_preset=\u00bbdefault\u00bb text_font=\u00bbHelvetica Neue Regular||||||||\u00bb text_text_color=\u00bb#6699AF\u00bb ul_font=\u00bbHelvetica Neue Regular||on||||||\u00bb ul_font_size=\u00bb15px\u00bb locked=\u00bboff\u00bb global_colors_info=\u00bb{}\u00bb]<\/p>\n<ul>\n<li>No se permite la entrada a menores de 18 a\u00f1os, aunque vayan acompa\u00f1ados de sus padres.<\/li>\n<li>S\u00f3lo se permite la entrada a los clientes con reserva, salvo previo consentimiento del propietario.<\/li>\n<li>Lamentablemente, debido al paisaje y al dise\u00f1o de la propiedad, el acceso a CASA BRISA no es posible para personas con problemas de movilidad. Si tiene alguna duda, p\u00f3ngase en contacto con nosotros antes de hacer una reserva. <\/li>\n<li>Se recomienda disponer de veh\u00edculo propio para llegar a CASA BRISA, ya que el transporte p\u00fablico es muy limitado. Tambi\u00e9n le permitir\u00e1 aprovechar al m\u00e1ximo la visita a los lugares de inter\u00e9s de la regi\u00f3n No se dispone de aparcamiento fuera de la v\u00eda p\u00fablica. <\/li>\n<\/ul>\n<p>[\/et_pb_text][et_pb_text _builder_version=\u00bb4.23&#8243; _module_preset=\u00bbdefault\u00bb header_3_font=\u00bbHelvetica Neue Regular||||||||\u00bb header_3_text_color=\u00bb#6699AF\u00bb custom_margin=\u00bb||15px|||\u00bb global_colors_info=\u00bb{}\u00bb]<\/p>\n<h3>Zonas Exteriores:<\/h3>\n<p>[\/et_pb_text][et_pb_text _builder_version=\u00bb4.23&#8243; _module_preset=\u00bbdefault\u00bb text_font=\u00bbHelvetica Neue Regular||||||||\u00bb text_text_color=\u00bb#6699AF\u00bb ul_font=\u00bbHelvetica Neue Regular||on||||||\u00bb ul_font_size=\u00bb15px\u00bb locked=\u00bboff\u00bb global_colors_info=\u00bb{}\u00bb]<\/p>\n<ul>\n<li>La piscina est\u00e1 estrictamente reservada para los hu\u00e9spedes y los propietarios de CASA BRISA. No se puede invitar a hu\u00e9spedes no registrados en la propiedad, sin el acuerdo previo de los propietarios. <\/li>\n<li>Hay una ducha exterior a disposici\u00f3n de los ba\u00f1istas. Por razones de higiene, est\u00e1 prohibido ba\u00f1arse sin pasar por debajo de la ducha. Nos reservamos el derecho de prohibir el acceso a la piscina si no se respetan las condiciones de higiene.  <\/li>\n<\/ul>\n<p>[\/et_pb_text][et_pb_text _builder_version=\u00bb4.23&#8243; _module_preset=\u00bbdefault\u00bb header_3_font=\u00bbHelvetica Neue Regular||||||||\u00bb header_3_text_color=\u00bb#6699AF\u00bb custom_margin=\u00bb||15px|||\u00bb global_colors_info=\u00bb{}\u00bb]<\/p>\n<h3>Da\u00f1os a la Propiedad:<\/h3>\n<p>[\/et_pb_text][et_pb_text _builder_version=\u00bb4.23&#8243; _module_preset=\u00bbdefault\u00bb text_font=\u00bbHelvetica Neue Regular||||||||\u00bb text_text_color=\u00bb#6699AF\u00bb ul_font=\u00bbHelvetica Neue Regular||on||||||\u00bb ul_font_size=\u00bb15px\u00bb locked=\u00bboff\u00bb global_colors_info=\u00bb{}\u00bb]<\/p>\n<ul>\n<li>Los hu\u00e9spedes son responsables de cualquier da\u00f1o causado a la propiedad durante su estancia y se les cobrar\u00e1 en consecuencia.<\/li>\n<\/ul>\n<p>[\/et_pb_text][et_pb_text _builder_version=\u00bb4.23&#8243; _module_preset=\u00bbdefault\u00bb header_3_font=\u00bbHelvetica Neue Regular||||||||\u00bb header_3_text_color=\u00bb#6699AF\u00bb custom_margin=\u00bb||15px|||\u00bb global_colors_info=\u00bb{}\u00bb]<\/p>\n<h3>Responsabilidades:<\/h3>\n<p>[\/et_pb_text][et_pb_text _builder_version=\u00bb4.23&#8243; _module_preset=\u00bbdefault\u00bb text_font=\u00bbHelvetica Neue Regular||||||||\u00bb text_text_color=\u00bb#6699AF\u00bb ul_font=\u00bbHelvetica Neue Regular||on||||||\u00bb ul_font_size=\u00bb15px\u00bb locked=\u00bboff\u00bb global_colors_info=\u00bb{}\u00bb]<\/p>\n<ul>\n<li>CASA BRISA no se hace responsable de los objetos personales perdidos, robados o da\u00f1ados de los hu\u00e9spedes.<\/li>\n<li>No somos responsables de accidentes, lesiones o enfermedades que ocurran en la propiedad.<\/li>\n<\/ul>\n<p>[\/et_pb_text][et_pb_text _builder_version=\u00bb4.23&#8243; _module_preset=\u00bbdefault\u00bb header_3_font=\u00bbHelvetica Neue Regular||||||||\u00bb header_3_text_color=\u00bb#6699AF\u00bb custom_margin=\u00bb||15px|||\u00bb global_colors_info=\u00bb{}\u00bb]<\/p>\n<h3>Environmental Concerns:<\/h3>\n<p>[\/et_pb_text][et_pb_text _builder_version=\u00bb4.23&#8243; _module_preset=\u00bbdefault\u00bb text_font=\u00bbHelvetica Neue Regular||||||||\u00bb text_text_color=\u00bb#6699AF\u00bb ul_font=\u00bbHelvetica Neue Regular||on||||||\u00bb ul_font_size=\u00bb15px\u00bb locked=\u00bboff\u00bb global_colors_info=\u00bb{}\u00bb]<\/p>\n<p>Somos sensibles a la salvaguarda de nuestro planeta y queremos contribuir a la protecci\u00f3n del medio ambiente minimizando la huella de nuestra estructura de alojamiento. Medidas sencillas y sin compromiso pueden hacer mucho <\/p>\n<p>[\/et_pb_text][et_pb_text _builder_version=\u00bb4.23&#8243; _module_preset=\u00bbdefault\u00bb text_font=\u00bbHelvetica Neue Regular||||||||\u00bb text_text_color=\u00bb#6699AF\u00bb ul_font=\u00bbHelvetica Neue Regular||on||||||\u00bb ul_font_size=\u00bb15px\u00bb locked=\u00bboff\u00bb global_colors_info=\u00bb{}\u00bb]<\/p>\n<ul>\n<li>Evite dejar las luces encendidas innecesariamente<\/li>\n<li>No derroche agua.<\/li>\n<li>No tire al retrete nada que no sea papel higi\u00e9nico. Los dem\u00e1s residuos pueden tirarse en las papeleras previstas para ello. <\/li>\n<\/ul>\n<p>[\/et_pb_text][et_pb_text _builder_version=\u00bb4.25.1&#8243; _module_preset=\u00bbdefault\u00bb header_3_font=\u00bbHelvetica Neue Regular||||||||\u00bb header_3_text_color=\u00bb#6699AF\u00bb custom_margin=\u00bb||15px|||\u00bb global_colors_info=\u00bb{}\u00bb]<\/p>\n<h3>Informaci\u00f3n Adicional:<\/h3>\n<p>[\/et_pb_text][et_pb_text _builder_version=\u00bb4.23&#8243; _module_preset=\u00bbdefault\u00bb text_font=\u00bbHelvetica Neue Regular||||||||\u00bb text_text_color=\u00bb#6699AF\u00bb ul_font=\u00bbHelvetica Neue Regular||on||||||\u00bb ul_font_size=\u00bb15px\u00bb locked=\u00bboff\u00bb global_colors_info=\u00bb{}\u00bb]<\/p>\n<ul>\n<li>Como Casa Brisa tiene dos Bulldogs franceses residentes, no se permiten otros animales en las instalaciones.<\/li>\n<li>Pol\u00edtica de tolerancia cero: CASA BRISA tiene una pol\u00edtica de tolerancia cero para el uso de drogas ilegales en nuestras instalaciones. Esto significa que cualquier hu\u00e9sped que se encuentre usando o poseyendo drogas ilegales se le pedir\u00e1 que abandone inmediatamente, y las autoridades pueden ser notificadas si es necesario. <\/li>\n<li>Pol\u00edtica de no fumar: Tenemos una estricta pol\u00edtica de no fumar en las inmediaciones y en la casa de hu\u00e9spedes, que tambi\u00e9n incluye vaping. Podemos permitir fumar en la zona exterior designada, pero es importante que los hu\u00e9spedes hagan un uso responsable de esta zona y no consuman drogas ilegales en estos espacios. Esta pol\u00edtica se aplica para garantizar la comodidad de todos los hu\u00e9spedes y mantener un ambiente libre de humo.  <\/li>\n<li>Los visitantes tienen acceso a Wifi gratuito. Las descargas ilegales est\u00e1n prohibida <\/li>\n<\/ul>\n<p>[\/et_pb_text][\/et_pb_column][\/et_pb_row][\/et_pb_section]<\/p>\n","protected":false},"excerpt":{"rendered":"<p>Condiciones De Acceso y ReservasReserva: Todas las reservas requieren un dep\u00f3sito del 30% del coste total de la estancia, en el momento de la reserva. La reserva quedar\u00e1 confirmada cuando se haya recibido la totalidad del dep\u00f3sito del 30%. En ning\u00fan caso se tendr\u00e1 derecho a permanecer en las instalaciones m\u00e1s all\u00e1 de las fechas [&hellip;]<\/p>\n","protected":false},"author":2,"featured_media":0,"parent":0,"menu_order":0,"comment_status":"closed","ping_status":"closed","template":"","meta":{"_et_pb_use_builder":"on","_et_pb_old_content":"","_et_gb_content_width":"","footnotes":""},"class_list":["post-2809","page","type-page","status-publish","hentry"],"_links":{"self":[{"href":"https:\/\/casabrisa.es\/es\/wp-json\/wp\/v2\/pages\/2809","targetHints":{"allow":["GET"]}}],"collection":[{"href":"https:\/\/casabrisa.es\/es\/wp-json\/wp\/v2\/pages"}],"about":[{"href":"https:\/\/casabrisa.es\/es\/wp-json\/wp\/v2\/types\/page"}],"author":[{"embeddable":true,"href":"https:\/\/casabrisa.es\/es\/wp-json\/wp\/v2\/users\/2"}],"replies":[{"embeddable":true,"href":"https:\/\/casabrisa.es\/es\/wp-json\/wp\/v2\/comments?post=2809"}],"version-history":[{"count":10,"href":"https:\/\/casabrisa.es\/es\/wp-json\/wp\/v2\/pages\/2809\/revisions"}],"predecessor-version":[{"id":5004,"href":"https:\/\/casabrisa.es\/es\/wp-json\/wp\/v2\/pages\/2809\/revisions\/5004"}],"wp:attachment":[{"href":"https:\/\/casabrisa.es\/es\/wp-json\/wp\/v2\/media?parent=2809"}],"curies":[{"name":"wp","href":"https:\/\/api.w.org\/{rel}","templated":true}]}}