{"id":2803,"date":"2023-09-10T13:31:39","date_gmt":"2023-09-10T13:31:39","guid":{"rendered":"https:\/\/casabrisa.es\/politica-de-privacidad\/"},"modified":"2026-04-13T20:52:34","modified_gmt":"2026-04-13T20:52:34","slug":"politica-de-privacidad","status":"publish","type":"page","link":"https:\/\/casabrisa.es\/es\/politica-de-privacidad\/","title":{"rendered":"Pol\u00edtica de privacidad"},"content":{"rendered":"<p>[et_pb_section fb_built=\u00bb1&#8243; _builder_version=\u00bb4.23&#8243; _module_preset=\u00bbdefault\u00bb background_color=\u00bbrgba(102,153,175,0.1)\u00bb width=\u00bb86%\u00bb module_alignment=\u00bbcenter\u00bb custom_margin=\u00bb100px||||false|false\u00bb global_colors_info=\u00bb{}\u00bb][et_pb_row _builder_version=\u00bb4.23&#8243; _module_preset=\u00bbdefault\u00bb global_colors_info=\u00bb{}\u00bb][et_pb_column type=\u00bb4_4&#8243; _builder_version=\u00bb4.23&#8243; _module_preset=\u00bbdefault\u00bb global_colors_info=\u00bb{}\u00bb][et_pb_text _builder_version=\u00bb4.27.6&#8243; _module_preset=\u00bbdefault\u00bb text_font=\u00bbHelvetica Neue Regular||||||||\u00bb text_text_color=\u00bb#6699af\u00bb header_2_font=\u00bbHelvetica Neue Light||||||||\u00bb header_2_text_align=\u00bbcenter\u00bb header_2_text_color=\u00bb#6699af\u00bb header_2_font_size=\u00bb30px\u00bb header_2_line_height=\u00bb1.3em\u00bb custom_margin=\u00bb||0px||false|false\u00bb custom_padding=\u00bb||||false|false\u00bb hover_enabled=\u00bb0&#8243; header_2_font_size_tablet=\u00bb28px\u00bb header_2_font_size_phone=\u00bb24px\u00bb header_2_font_size_last_edited=\u00bbon|phone\u00bb header_2_letter_spacing_tablet=\u00bb8px\u00bb header_2_letter_spacing_phone=\u00bb4px\u00bb header_2_letter_spacing_last_edited=\u00bboff|desktop\u00bb locked=\u00bboff\u00bb global_colors_info=\u00bb{}\u00bb sticky_enabled=\u00bb0&#8243;]<\/p>\n<h1>Pol\u00edtica de privacidad<\/h1>\n<p>[\/et_pb_text][\/et_pb_column][\/et_pb_row][et_pb_row _builder_version=\u00bb4.23&#8243; _module_preset=\u00bbdefault\u00bb width=\u00bb90%\u00bb max_width=\u00bb90%\u00bb global_colors_info=\u00bb{}\u00bb][et_pb_column type=\u00bb4_4&#8243; _builder_version=\u00bb4.23&#8243; _module_preset=\u00bbdefault\u00bb global_colors_info=\u00bb{}\u00bb][et_pb_text _builder_version=\u00bb4.23.1&#8243; _module_preset=\u00bbdefault\u00bb text_font=\u00bbHelvetica Neue Regular||||||||\u00bb text_text_color=\u00bb#6699AF\u00bb ul_font=\u00bbHelvetica Neue Regular||on||||||\u00bb ul_font_size=\u00bb15px\u00bb locked=\u00bboff\u00bb global_colors_info=\u00bb{}\u00bb]En www.casabrisa.es, accesible desde https:\/\/casabrisa.es, una de nuestras principales prioridades es la privacidad de nuestros visitantes. Este documento de Pol\u00edtica de Privacidad contiene los tipos de informaci\u00f3n que son recogidos y registrados por www.casabrisa.es y c\u00f3mo la utilizamos.<\/p>\n<p>Si tiene preguntas adicionales o necesita m\u00e1s informaci\u00f3n sobre nuestra Pol\u00edtica de Privacidad, no dude en ponerse en contacto con nosotros.<\/p>\n<p>Esta Pol\u00edtica de Privacidad se aplica \u00fanicamente a nuestras actividades en l\u00ednea y es v\u00e1lida para los visitantes de nuestro sitio web en lo que respecta a la informaci\u00f3n que comparten y\/o recogen en www.casabrisa.es. Esta pol\u00edtica no es aplicable a ninguna informaci\u00f3n recopilada fuera de l\u00ednea o a trav\u00e9s de canales distintos de este sitio web.[\/et_pb_text][et_pb_text _builder_version=\u00bb4.23.1&#8243; _module_preset=\u00bbdefault\u00bb header_3_font=\u00bbHelvetica Neue Regular||||||||\u00bb header_3_text_color=\u00bb#6699AF\u00bb custom_margin=\u00bb||15px|||\u00bb global_colors_info=\u00bb{}\u00bb]<\/p>\n<h3>Consentimiento<\/h3>\n<p>[\/et_pb_text][et_pb_text _builder_version=\u00bb4.23.1&#8243; _module_preset=\u00bbdefault\u00bb text_font=\u00bbHelvetica Neue Regular||||||||\u00bb text_text_color=\u00bb#6699AF\u00bb ul_font=\u00bbHelvetica Neue Regular||on||||||\u00bb ul_font_size=\u00bb15px\u00bb locked=\u00bboff\u00bb global_colors_info=\u00bb{}\u00bb]Al utilizar nuestro sitio web, usted da su consentimiento a nuestra Pol\u00edtica de Privacidad y acepta sus t\u00e9rminos.[\/et_pb_text][et_pb_text _builder_version=\u00bb4.23.1&#8243; _module_preset=\u00bbdefault\u00bb header_3_font=\u00bbHelvetica Neue Regular||||||||\u00bb header_3_text_color=\u00bb#6699AF\u00bb custom_margin=\u00bb||15px|||\u00bb global_colors_info=\u00bb{}\u00bb]<\/p>\n<h3>Informaci\u00f3n que recopilamos<br \/>\n<\/h3>\n<p>[\/et_pb_text][et_pb_text _builder_version=\u00bb4.23.1&#8243; _module_preset=\u00bbdefault\u00bb text_font=\u00bbHelvetica Neue Regular||||||||\u00bb text_text_color=\u00bb#6699AF\u00bb ul_font=\u00bbHelvetica Neue Regular||on||||||\u00bb ul_font_size=\u00bb15px\u00bb locked=\u00bboff\u00bb global_colors_info=\u00bb{}\u00bb]La informaci\u00f3n personal que se le pide que proporcione, y las razones por las que se le pide que la proporcione, se le aclarar\u00e1n en el momento en que le pidamos que proporcione su informaci\u00f3n personal.<\/p>\n<p>Si se pone en contacto con nosotros directamente, es posible que recibamos informaci\u00f3n adicional sobre usted, como su nombre, direcci\u00f3n de correo electr\u00f3nico, n\u00famero de tel\u00e9fono, el contenido del mensaje y\/o los archivos adjuntos que nos env\u00ede y cualquier otra informaci\u00f3n que decida facilitarnos.<\/p>\n<p>Cuando se registra para obtener una cuenta, podemos pedirle informaci\u00f3n de contacto, como su nombre, nombre de la empresa, direcci\u00f3n, direcci\u00f3n de correo electr\u00f3nico y n\u00famero de tel\u00e9fono.[\/et_pb_text][et_pb_text _builder_version=\u00bb4.23.1&#8243; _module_preset=\u00bbdefault\u00bb header_3_font=\u00bbHelvetica Neue Regular||||||||\u00bb header_3_text_color=\u00bb#6699AF\u00bb custom_margin=\u00bb||15px|||\u00bb global_colors_info=\u00bb{}\u00bb]<\/p>\n<h3>C\u00f3mo utilizamos su informaci\u00f3n<br \/>\n<\/h3>\n<p>[\/et_pb_text][et_pb_text _builder_version=\u00bb4.23.1&#8243; _module_preset=\u00bbdefault\u00bb text_font=\u00bbHelvetica Neue Regular||||||||\u00bb text_text_color=\u00bb#6699AF\u00bb ul_font=\u00bbHelvetica Neue Regular||on||||||\u00bb ul_font_size=\u00bb15px\u00bb locked=\u00bboff\u00bb global_colors_info=\u00bb{}\u00bb]Utilizamos la informaci\u00f3n que recopilamos de varias formas, entre otras para<\/p>\n<p>&#8211; Proporcionar, operar y mantener nuestro sitio web<br \/>\n&#8211; Mejorar, personalizar y ampliar nuestro sitio web<br \/>\n&#8211; Comprender y analizar c\u00f3mo utiliza nuestro sitio web<br \/>\n&#8211; Desarrollar nuevos productos, servicios, caracter\u00edsticas y funcionalidades.<br \/>\n&#8211; Comunicarnos con usted, ya sea directamente o a trav\u00e9s de uno de nuestros socios, por ejemplo con fines de atenci\u00f3n al cliente, para proporcionarle actualizaciones y otra informaci\u00f3n relacionada con el sitio web, y con fines promocionales y de marketing.<br \/>\n&#8211; Enviarle correos electr\u00f3nicos<br \/>\n&#8211; Detectar y prevenir el fraude<br \/>\n&#8211; Archivos de registro<\/p>\n<p>www.casabrisa.es sigue un procedimiento est\u00e1ndar de utilizaci\u00f3n de archivos de registro. Estos archivos registran a los visitantes cuando visitan los sitios web. Todas las empresas de alojamiento lo hacen y forman parte de los an\u00e1lisis de los servicios de alojamiento. La informaci\u00f3n recogida por los archivos de registro incluye direcciones de protocolo de Internet (IP), tipo de navegador, proveedor de servicios de Internet (ISP), fecha y hora, p\u00e1ginas de referencia\/salida y, posiblemente, el n\u00famero de clics. Estos datos no est\u00e1n vinculados a ninguna informaci\u00f3n que permita la identificaci\u00f3n personal. El prop\u00f3sito de la informaci\u00f3n es analizar tendencias, administrar el sitio, rastrear los movimientos de los usuarios en el sitio web y recopilar informaci\u00f3n demogr\u00e1fica.[\/et_pb_text][et_pb_text _builder_version=\u00bb4.23.1&#8243; _module_preset=\u00bbdefault\u00bb header_3_font=\u00bbHelvetica Neue Regular||||||||\u00bb header_3_text_color=\u00bb#6699AF\u00bb custom_margin=\u00bb||15px|||\u00bb global_colors_info=\u00bb{}\u00bb]<\/p>\n<h3>Informaci\u00f3n que recopilamos<br \/>\n<\/h3>\n<p>[\/et_pb_text][et_pb_text _builder_version=\u00bb4.23.1&#8243; _module_preset=\u00bbdefault\u00bb text_font=\u00bbHelvetica Neue Regular||||||||\u00bb text_text_color=\u00bb#6699AF\u00bb ul_font=\u00bbHelvetica Neue Regular||on||||||\u00bb ul_font_size=\u00bb15px\u00bb locked=\u00bboff\u00bb global_colors_info=\u00bb{}\u00bb]Como cualquier otro sitio web, www.casabrisa.es utiliza \u00abcookies\u00bb. Estas cookies se utilizan para almacenar informaci\u00f3n, incluidas las preferencias de los visitantes y las p\u00e1ginas del sitio web a las que el visitante accedi\u00f3 o visit\u00f3. La informaci\u00f3n se utiliza para optimizar la experiencia de los usuarios personalizando el contenido de nuestra p\u00e1gina web en funci\u00f3n del tipo de navegador de los visitantes y\/u otra informaci\u00f3n.[\/et_pb_text][et_pb_text _builder_version=\u00bb4.23.1&#8243; _module_preset=\u00bbdefault\u00bb header_3_font=\u00bbHelvetica Neue Regular||||||||\u00bb header_3_text_color=\u00bb#6699AF\u00bb custom_margin=\u00bb||15px|||\u00bb global_colors_info=\u00bb{}\u00bb]<\/p>\n<h3>Cookie DART de DoubleClick de Google<br \/>\n<\/h3>\n<p>[\/et_pb_text][et_pb_text _builder_version=\u00bb4.23.1&#8243; _module_preset=\u00bbdefault\u00bb text_font=\u00bbHelvetica Neue Regular||||||||\u00bb text_text_color=\u00bb#6699AF\u00bb ul_font=\u00bbHelvetica Neue Regular||on||||||\u00bb ul_font_size=\u00bb15px\u00bb locked=\u00bboff\u00bb global_colors_info=\u00bb{}\u00bb]Google es uno de los proveedores externos de nuestro sitio web. Tambi\u00e9n utiliza cookies, conocidas como cookies DART, para ofrecer anuncios a los visitantes de nuestro sitio en funci\u00f3n de su visita a www.website.com y a otros sitios de Internet. Sin embargo, los visitantes pueden optar por rechazar el uso de cookies de DART visitando la Pol\u00edtica de privacidad de la red de anuncios y contenidos de Google en la siguiente URL &#8211; https:\/\/policies.google.com\/technologies\/ads[\/et_pb_text][et_pb_text _builder_version=\u00bb4.23.1&#8243; _module_preset=\u00bbdefault\u00bb header_3_font=\u00bbHelvetica Neue Regular||||||||\u00bb header_3_text_color=\u00bb#6699AF\u00bb custom_margin=\u00bb||15px|||\u00bb global_colors_info=\u00bb{}\u00bb]<\/p>\n<h3>Pol\u00edticas de privacidad de los socios publicitarios<br \/>\n<\/h3>\n<p>[\/et_pb_text][et_pb_text _builder_version=\u00bb4.23.1&#8243; _module_preset=\u00bbdefault\u00bb text_font=\u00bbHelvetica Neue Regular||||||||\u00bb text_text_color=\u00bb#6699AF\u00bb ul_font=\u00bbHelvetica Neue Regular||on||||||\u00bb ul_font_size=\u00bb15px\u00bb locked=\u00bboff\u00bb global_colors_info=\u00bb{}\u00bb]Puede consultar esta lista para encontrar la Pol\u00edtica de Privacidad de cada uno de los socios publicitarios de www.casabrisa.es.<\/p>\n<p>Los servidores o redes publicitarias de terceros utilizan tecnolog\u00edas como cookies, JavaScript o Web Beacons que se emplean en sus respectivos anuncios y enlaces que aparecen en www.casabrisa.es, y que se env\u00edan directamente al navegador de los usuarios. Cuando esto ocurre, reciben autom\u00e1ticamente su direcci\u00f3n IP. Estas tecnolog\u00edas se utilizan para medir la eficacia de sus campa\u00f1as publicitarias y\/o para personalizar el contenido publicitario que usted ve en los sitios web que visita.<\/p>\n<p>Tenga en cuenta que www.casabrisa.es no tiene acceso ni control sobre estas cookies utilizadas por terceros anunciantes.[\/et_pb_text][et_pb_text _builder_version=\u00bb4.23.1&#8243; _module_preset=\u00bbdefault\u00bb header_3_font=\u00bbHelvetica Neue Regular||||||||\u00bb header_3_text_color=\u00bb#6699AF\u00bb custom_margin=\u00bb||15px|||\u00bb global_colors_info=\u00bb{}\u00bb]<\/p>\n<h3>Pol\u00edticas de privacidad de terceros<br \/>\n<\/h3>\n<p>[\/et_pb_text][et_pb_text _builder_version=\u00bb4.23.1&#8243; _module_preset=\u00bbdefault\u00bb text_font=\u00bbHelvetica Neue Regular||||||||\u00bb text_text_color=\u00bb#6699AF\u00bb ul_font=\u00bbHelvetica Neue Regular||on||||||\u00bb ul_font_size=\u00bb15px\u00bb locked=\u00bboff\u00bb global_colors_info=\u00bb{}\u00bb]La Pol\u00edtica de Privacidad de www.casabrisa.es no se aplica a otros anunciantes o sitios web. Por lo tanto, le aconsejamos que consulte las respectivas Pol\u00edticas de Privacidad de estos servidores de anuncios de terceros para obtener informaci\u00f3n m\u00e1s detallada. Puede incluir sus pr\u00e1cticas e instrucciones sobre c\u00f3mo optar por no participar en ciertas opciones.<\/p>\n<p>Puede optar por desactivar las cookies a trav\u00e9s de las opciones individuales de su navegador. Para conocer informaci\u00f3n m\u00e1s detallada sobre la gesti\u00f3n de cookies con navegadores web espec\u00edficos, puede encontrarse en los sitios web respectivos de los navegadores.<\/p>\n<p>Derechos de privacidad CCPA (No vender mi informaci\u00f3n personal)<br \/>\nEn virtud de la CCPA, entre otros derechos, los consumidores de California tienen derecho a:<\/p>\n<p>Solicitar que una empresa que recopila datos personales de un consumidor revele las categor\u00edas y los datos personales espec\u00edficos que una empresa ha recopilado sobre los consumidores.<\/p>\n<p>Solicitar que una empresa elimine cualquier dato personal sobre el consumidor que haya recopilado.<\/p>\n<p>Solicitar que una empresa que vende datos personales de un consumidor no venda los datos personales del consumidor.<\/p>\n<p>Si presenta una solicitud, tenemos un mes para responderle. Si desea ejercer alguno de estos derechos, p\u00f3ngase en contacto con nosotros.[\/et_pb_text][et_pb_text _builder_version=\u00bb4.23.1&#8243; _module_preset=\u00bbdefault\u00bb header_3_font=\u00bbHelvetica Neue Regular||||||||\u00bb header_3_text_color=\u00bb#6699AF\u00bb custom_margin=\u00bb||15px|||\u00bb global_colors_info=\u00bb{}\u00bb]<\/p>\n<h3>Pol\u00edticas de privacidad de terceros<br \/>\n<\/h3>\n<p>[\/et_pb_text][et_pb_text _builder_version=\u00bb4.23.1&#8243; _module_preset=\u00bbdefault\u00bb text_font=\u00bbHelvetica Neue Regular||||||||\u00bb text_text_color=\u00bb#6699AF\u00bb ul_font=\u00bbHelvetica Neue Regular||on||||||\u00bb ul_font_size=\u00bb15px\u00bb locked=\u00bboff\u00bb global_colors_info=\u00bb{}\u00bb]Queremos asegurarnos de que conoce perfectamente todos sus derechos en materia de protecci\u00f3n de datos. Todo usuario tiene derecho a lo siguiente<\/p>\n<p>Derecho de acceso &#8211; Tiene derecho a solicitar copias de sus datos personales. Podemos cobrarle una peque\u00f1a cantidad por este servicio.<\/p>\n<p>Derecho de rectificaci\u00f3n &#8211; Tiene derecho a solicitar que corrijamos cualquier informaci\u00f3n que considere inexacta. Tambi\u00e9n tiene derecho a solicitar que completemos la informaci\u00f3n que considere incompleta.<\/p>\n<p>Derecho de supresi\u00f3n &#8211; Tiene derecho a solicitar que borremos sus datos personales, en determinadas condiciones.<\/p>\n<p>Derecho a restringir el tratamiento: tiene derecho a solicitar que restrinjamos el tratamiento de sus datos personales, en determinadas condiciones.<\/p>\n<p>Derecho a oponerse al tratamiento: tiene derecho a oponerse al tratamiento de sus datos personales en determinadas condiciones.<\/p>\n<p>Derecho a la portabilidad de los datos &#8211; Tiene derecho a solicitar que transfiramos los datos que hemos recopilado a otra organizaci\u00f3n, o directamente a usted, en determinadas condiciones.<\/p>\n<p>Si realiza una solicitud, disponemos de un mes para responderle. Si desea ejercer alguno de estos derechos, p\u00f3ngase en contacto con nosotros.[\/et_pb_text][et_pb_text _builder_version=\u00bb4.23.1&#8243; _module_preset=\u00bbdefault\u00bb header_3_font=\u00bbHelvetica Neue Regular||||||||\u00bb header_3_text_color=\u00bb#6699AF\u00bb custom_margin=\u00bb||15px|||\u00bb global_colors_info=\u00bb{}\u00bb]<\/p>\n<h3>Informaci\u00f3n para ni\u00f1os<\/h3>\n<p>[\/et_pb_text][et_pb_text _builder_version=\u00bb4.23.1&#8243; _module_preset=\u00bbdefault\u00bb text_font=\u00bbHelvetica Neue Regular||||||||\u00bb text_text_color=\u00bb#6699AF\u00bb ul_font=\u00bbHelvetica Neue Regular||on||||||\u00bb ul_font_size=\u00bb15px\u00bb locked=\u00bboff\u00bb global_colors_info=\u00bb{}\u00bb]Otra parte de nuestra prioridad es a\u00f1adir protecci\u00f3n para los ni\u00f1os mientras usan Internet. Animamos a los padres y tutores a que observen, participen y\/o supervisen y gu\u00eden su actividad en l\u00ednea.<\/p>\n<p>www.casabrisa.es no recopila a sabiendas ning\u00fan tipo de informaci\u00f3n personal identificable de ni\u00f1os menores de 13 a\u00f1os. Si cree que su hijo ha proporcionado este tipo de informaci\u00f3n en nuestro sitio web, le recomendamos encarecidamente que se ponga en contacto con nosotros inmediatamente y haremos todo lo posible por eliminar r\u00e1pidamente dicha informaci\u00f3n de nuestros registros.[\/et_pb_text][et_pb_text _builder_version=\u00bb4.23.1&#8243; _module_preset=\u00bbdefault\u00bb header_3_font=\u00bbHelvetica Neue Regular||||||||\u00bb header_3_text_color=\u00bb#6699AF\u00bb custom_margin=\u00bb||15px|||\u00bb global_colors_info=\u00bb{}\u00bb]<\/p>\n<h3>Cambios en esta pol\u00edtica de privacidad<br \/>\n<\/h3>\n<p>[\/et_pb_text][et_pb_text _builder_version=\u00bb4.23.1&#8243; _module_preset=\u00bbdefault\u00bb text_font=\u00bbHelvetica Neue Regular||||||||\u00bb text_text_color=\u00bb#6699AF\u00bb ul_font=\u00bbHelvetica Neue Regular||on||||||\u00bb ul_font_size=\u00bb15px\u00bb locked=\u00bboff\u00bb global_colors_info=\u00bb{}\u00bb]<\/p>\n<p>Es posible que actualicemos nuestra Pol\u00edtica de Privacidad de vez en cuando. Por ello, le aconsejamos que revise peri\u00f3dicamente esta p\u00e1gina para comprobar si se han producido cambios. Le notificaremos cualquier cambio publicando la nueva Pol\u00edtica de Privacidad en esta p\u00e1gina. Estos cambios entrar\u00e1n en vigor inmediatamente despu\u00e9s de su publicaci\u00f3n en esta p\u00e1gina.<\/p>\n<p>Nuestra Pol\u00edtica de Privacidad fue creada con la ayuda del Generador de Pol\u00edtica de Privacidad.<\/p>\n<p>[\/et_pb_text][et_pb_text _builder_version=\u00bb4.23.1&#8243; _module_preset=\u00bbdefault\u00bb header_3_font=\u00bbHelvetica Neue Regular||||||||\u00bb header_3_text_color=\u00bb#6699AF\u00bb custom_margin=\u00bb||15px|||\u00bb global_colors_info=\u00bb{}\u00bb]<\/p>\n<h3>Cambios en esta pol\u00edtica de privacidad<br \/>\n<\/h3>\n<p>[\/et_pb_text][et_pb_text _builder_version=\u00bb4.23.1&#8243; _module_preset=\u00bbdefault\u00bb text_font=\u00bbHelvetica Neue Regular||||||||\u00bb text_text_color=\u00bb#6699AF\u00bb ul_font=\u00bbHelvetica Neue Regular||on||||||\u00bb ul_font_size=\u00bb15px\u00bb locked=\u00bboff\u00bb global_colors_info=\u00bb{}\u00bb]Si tiene alguna pregunta o sugerencia sobre nuestra Pol\u00edtica de Privacidad, no dude en ponerse en contacto con nosotros.<\/p>\n<p>Generado con el Generador de Pol\u00edtica de Privacidad[\/et_pb_text][\/et_pb_column][\/et_pb_row][\/et_pb_section]<\/p>\n","protected":false},"excerpt":{"rendered":"<p>Pol\u00edtica de privacidadEn www.casabrisa.es, accesible desde https:\/\/casabrisa.es, una de nuestras principales prioridades es la privacidad de nuestros visitantes. Este documento de Pol\u00edtica de Privacidad contiene los tipos de informaci\u00f3n que son recogidos y registrados por www.casabrisa.es y c\u00f3mo la utilizamos. Si tiene preguntas adicionales o necesita m\u00e1s informaci\u00f3n sobre nuestra Pol\u00edtica de Privacidad, no dude [&hellip;]<\/p>\n","protected":false},"author":1,"featured_media":0,"parent":0,"menu_order":0,"comment_status":"closed","ping_status":"open","template":"","meta":{"_et_pb_use_builder":"on","_et_pb_old_content":"","_et_gb_content_width":"","footnotes":""},"class_list":["post-2803","page","type-page","status-publish","hentry"],"_links":{"self":[{"href":"https:\/\/casabrisa.es\/es\/wp-json\/wp\/v2\/pages\/2803","targetHints":{"allow":["GET"]}}],"collection":[{"href":"https:\/\/casabrisa.es\/es\/wp-json\/wp\/v2\/pages"}],"about":[{"href":"https:\/\/casabrisa.es\/es\/wp-json\/wp\/v2\/types\/page"}],"author":[{"embeddable":true,"href":"https:\/\/casabrisa.es\/es\/wp-json\/wp\/v2\/users\/1"}],"replies":[{"embeddable":true,"href":"https:\/\/casabrisa.es\/es\/wp-json\/wp\/v2\/comments?post=2803"}],"version-history":[{"count":1,"href":"https:\/\/casabrisa.es\/es\/wp-json\/wp\/v2\/pages\/2803\/revisions"}],"predecessor-version":[{"id":5007,"href":"https:\/\/casabrisa.es\/es\/wp-json\/wp\/v2\/pages\/2803\/revisions\/5007"}],"wp:attachment":[{"href":"https:\/\/casabrisa.es\/es\/wp-json\/wp\/v2\/media?parent=2803"}],"curies":[{"name":"wp","href":"https:\/\/api.w.org\/{rel}","templated":true}]}}