{"id":2717,"date":"2023-11-16T04:00:39","date_gmt":"2023-11-16T04:00:39","guid":{"rendered":"https:\/\/casabrisa.es\/inicio\/"},"modified":"2025-11-17T16:33:10","modified_gmt":"2025-11-17T16:33:10","slug":"inicio","status":"publish","type":"page","link":"https:\/\/casabrisa.es\/es\/","title":{"rendered":"Inicio"},"content":{"rendered":"<p>[et_pb_section fb_built=\u00bb1&#8243; fullwidth=\u00bbon\u00bb _builder_version=\u00bb4.23&#8243; _module_preset=\u00bbdefault\u00bb global_colors_info=\u00bb{}\u00bb][et_pb_fullwidth_image src=\u00bbhttps:\/\/casabrisa.es\/wp-content\/uploads\/2023\/11\/Home-Page-Banner.jpg\u00bb src_tablet=\u00bbhttps:\/\/casabrisa.es\/wp-content\/uploads\/2023\/11\/Home-Page-Banner.jpg\u00bb src_phone=\u00bbhttps:\/\/casabrisa.es\/wp-content\/uploads\/2023\/11\/Home-Banner-Mobile-V3.jpg\u00bb src_last_edited=\u00bbon|phone\u00bb _builder_version=\u00bb4.23.1&#8243; _module_preset=\u00bbdefault\u00bb global_colors_info=\u00bb{}\u00bb][\/et_pb_fullwidth_image][\/et_pb_section][et_pb_section fb_built=\u00bb1&#8243; _builder_version=\u00bb4.23.1&#8243; _module_preset=\u00bbdefault\u00bb custom_padding=\u00bb||0px||false|false\u00bb global_colors_info=\u00bb{}\u00bb][et_pb_row custom_padding_last_edited=\u00bbon|phone\u00bb module_id=\u00bbbookaroom\u00bb _builder_version=\u00bb4.24.3&#8243; _module_preset=\u00bbdefault\u00bb background_color=\u00bb#FFFFFF\u00bb z_index=\u00bb999&#8243; width_tablet=\u00bb86%\u00bb width_phone=\u00bb86%\u00bb width_last_edited=\u00bbon|tablet\u00bb max_width=\u00bb70%\u00bb max_width_tablet=\u00bb86%\u00bb max_width_phone=\u00bb86%\u00bb max_width_last_edited=\u00bbon|tablet\u00bb custom_margin=\u00bb-8%||||false|false\u00bb custom_margin_tablet=\u00bb-8%||||false|false\u00bb custom_margin_phone=\u00bb0%||||false|false\u00bb custom_margin_last_edited=\u00bbon|phone\u00bb custom_padding=\u00bb3%||||false|false\u00bb custom_padding_tablet=\u00bb3%||||false|false\u00bb custom_padding_phone=\u00bb2%||2%||false|false\u00bb border_radii=\u00bboff||||\u00bb border_width_all=\u00bb1px\u00bb border_color_all=\u00bb#6699AF\u00bb global_colors_info=\u00bb{}\u00bb][et_pb_column type=\u00bb4_4&#8243; _builder_version=\u00bb4.23&#8243; _module_preset=\u00bbdefault\u00bb global_colors_info=\u00bb{}\u00bb][mphb-divi-availability-search form_style=\u00bbhorizontal-left\u00bb class=\u00bbhb-horizontal-form\u00bb _builder_version=\u00bb4.27.4&#8243; _module_preset=\u00bbdefault\u00bb module_font=\u00bbHelvetica Neue Regular||||||||\u00bb module_text_color=\u00bb#160F29&#8243; module_font_size=\u00bb18px\u00bb border_color_all=\u00bb#6699af\u00bb global_colors_info=\u00bb{}\u00bb][\/mphb-divi-availability-search][\/et_pb_column][\/et_pb_row][\/et_pb_section][et_pb_section fb_built=\u00bb1&#8243; custom_padding_last_edited=\u00bbon|phone\u00bb _builder_version=\u00bb4.23.1&#8243; _module_preset=\u00bbdefault\u00bb custom_padding=\u00bb0px||100px||false|false\u00bb custom_padding_tablet=\u00bb0px||10px||false|false\u00bb custom_padding_phone=\u00bb||0px||false|false\u00bb global_colors_info=\u00bb{}\u00bb][et_pb_row custom_padding_last_edited=\u00bbon|phone\u00bb module_id=\u00bbabout\u00bb _builder_version=\u00bb4.23.1&#8243; _module_preset=\u00bbdefault\u00bb custom_padding=\u00bb40px||||false|false\u00bb custom_padding_tablet=\u00bb40px||||false|false\u00bb custom_padding_phone=\u00bb40px||||false|false\u00bb global_colors_info=\u00bb{}\u00bb][et_pb_column type=\u00bb4_4&#8243; _builder_version=\u00bb4.23&#8243; _module_preset=\u00bbdefault\u00bb custom_css_main_element=\u00bbdisplay:flex;||align-items:center;||justify-content:center;\u00bb global_colors_info=\u00bb{}\u00bb][et_pb_image src=\u00bbhttps:\/\/casabrisa.es\/wp-content\/uploads\/2023\/10\/Left-SI.png\u00bb title_text=\u00bbIzquierda SI\u00bb show_bottom_space=\u00bboff\u00bb align=\u00bbright\u00bb _builder_version=\u00bb4.23&#8243; _module_preset=\u00bbdefault\u00bb width=\u00bb7%\u00bb width_tablet=\u00bb15%\u00bb width_phone=\u00bb40%\u00bb width_last_edited=\u00bbon|phone\u00bb custom_margin=\u00bb|36px|||false|false\u00bb global_colors_info=\u00bb{}\u00bb][\/et_pb_image][et_pb_text content_tablet=\u00bb<\/p>\n<h1>HERMOSO ALOJAMIENTO SOLO PARA HOMBRES<\/h1>\n<p>\u00bb content_phone=\u00bb<\/p>\n<h1>HERMOSO ALOJAMIENTO SOLO PARA HOMBRES<\/h1>\n<p>\u00bb content_last_edited=\u00bbon|phone\u00bb _builder_version=\u00bb4.27.4&#8243; _module_preset=\u00bbdefault\u00bb text_font=\u00bbHelvetica Neue Regular||||||||\u00bb text_text_color=\u00bb#6699af\u00bb header_font=\u00bbHelvetica Neue Light||||||||\u00bb header_text_align=\u00bbcenter\u00bb header_text_color=\u00bb#6699af\u00bb header_font_size=\u00bb37px\u00bb header_letter_spacing=\u00bb10px\u00bb header_line_height=\u00bb1.3em\u00bb header_2_font=\u00bbHelvetica Neue Light||||||||\u00bb header_2_text_align=\u00bbcenter\u00bb header_2_text_color=\u00bb#6699af\u00bb header_2_font_size=\u00bb37px\u00bb header_2_letter_spacing=\u00bb10px\u00bb header_2_line_height=\u00bb1.3em\u00bb custom_margin=\u00bb||0px||false|false\u00bb custom_padding=\u00bb||||false|false\u00bb header_font_size_tablet=\u00bb28px\u00bb header_font_size_phone=\u00bb26px\u00bb header_font_size_last_edited=\u00bbon|phone\u00bb header_letter_spacing_tablet=\u00bb8px\u00bb header_letter_spacing_phone=\u00bb4px\u00bb header_letter_spacing_last_edited=\u00bbon|phone\u00bb header_2_font_size_tablet=\u00bb28px\u00bb header_2_font_size_phone=\u00bb26px\u00bb header_2_font_size_last_edited=\u00bbon|phone\u00bb header_2_letter_spacing_tablet=\u00bb8px\u00bb header_2_letter_spacing_phone=\u00bb4px\u00bb header_2_letter_spacing_last_edited=\u00bbon|phone\u00bb global_colors_info=\u00bb{}\u00bb]<\/p>\n<h1>HERMOSO ALOJAMIENTO<br \/>\nSOLO PARA HOMBRES<\/h1>\n<p>[\/et_pb_text][et_pb_image src=\u00bbhttps:\/\/casabrisa.es\/wp-content\/uploads\/2023\/10\/Right-SI.png\u00bb title_text=\u00bbDerecho SI\u00bb show_bottom_space=\u00bboff\u00bb _builder_version=\u00bb4.23&#8243; _module_preset=\u00bbdefault\u00bb width=\u00bb7%\u00bb width_tablet=\u00bb15%\u00bb width_phone=\u00bb40%\u00bb width_last_edited=\u00bbon|phone\u00bb custom_margin=\u00bb|||25px|false|false\u00bb global_colors_info=\u00bb{}\u00bb][\/et_pb_image][\/et_pb_column][\/et_pb_row][et_pb_row _builder_version=\u00bb4.23.1&#8243; _module_preset=\u00bbdefault\u00bb max_width=\u00bb1124px\u00bb global_colors_info=\u00bb{}\u00bb][et_pb_column type=\u00bb4_4&#8243; _builder_version=\u00bb4.23&#8243; _module_preset=\u00bbdefault\u00bb global_colors_info=\u00bb{}\u00bb][et_pb_text _builder_version=\u00bb4.27.4&#8243; _module_preset=\u00bbdefault\u00bb text_font=\u00bbHelvetica Neue Regular||||||||\u00bb text_text_color=\u00bb#6699AF\u00bb text_font_size=\u00bb17px\u00bb text_line_height=\u00bb1.8em\u00bb link_text_color=\u00bb#489394&#8243; text_orientation=\u00bbcenter\u00bb custom_margin=\u00bb||60px||false|false\u00bb hover_enabled=\u00bb0&#8243; global_colors_info=\u00bb{}\u00bb sticky_enabled=\u00bb0&#8243;]Una hermosa, moderna y tranquila casa de hu\u00e9spedes boutique para hombres, ubicada a menos de 45 minutos del Aeropuerto Internacional de Barcelona. Nuestra propiedad se encuentra en la frontera del Parque Natural del Garraf, con la famosa regi\u00f3n vin\u00edcola del Pened\u00e9s en la puerta; se encuentra a unos 6 kil\u00f3metros de la vibrante ciudad de Sitges con sus incre\u00edbles playas mediterr\u00e1neas, paseo mar\u00edtimo y ciudad compacta llena de restaurantes y bares que tambi\u00e9n atienden a la comunidad LGBTQ +. Este es el lugar perfecto para desconectar de la ajetreada rutina de la gran ciudad y volver a conectar con la naturaleza y entablar nuevas amistades. Nuestras instalaciones ofrecen una gran piscina (el uso de ba\u00f1ador es opcional) para su relajaci\u00f3n y disfrute.[\/et_pb_text][et_pb_video src=\u00bbhttps:\/\/player.vimeo.com\/video\/889439558?h=908c0a82de&#038;background=1&#038;portrait=0&#038;byline=0&#8243; src_webm=\u00bbhttps:\/\/casabrisa.es\/wp-content\/uploads\/2023\/12\/casa_brisa_video_for_mobile-1080p.webm\u00bb image_src=\u00bb\/\/i.vimeocdn.com\/video\/1761061794-db90da0bef110a21e819fa1e21546c894d0f0b38d19276034a43764d10c35fa6-d_960&#8243; admin_label=\u00bbVideo\u00bb module_class=\u00bbcb-no-download\u00bb _builder_version=\u00bb4.23.1&#8243; _module_preset=\u00bbdefault\u00bb width=\u00bb60%\u00bb width_tablet=\u00bb100%\u00bb width_phone=\u00bb100%\u00bb width_last_edited=\u00bbon|phone\u00bb module_alignment=\u00bbcenter\u00bb custom_margin=\u00bb-49px||||false|false\u00bb global_colors_info=\u00bb{}\u00bb][\/et_pb_video][\/et_pb_column][\/et_pb_row][\/et_pb_section][et_pb_section fb_built=\u00bb1&#8243; admin_label=\u00bbsection\u00bb module_id=\u00bbponte en contacto con\u00bb _builder_version=\u00bb4.23.1&#8243; _module_preset=\u00bbdefault\u00bb custom_padding=\u00bb||0px|||\u00bb global_module=\u00bb517&#8243; saved_tabs=\u00bball\u00bb global_colors_info=\u00bb{}\u00bb][et_pb_row custom_padding_last_edited=\u00bbon|phone\u00bb module_id=\u00bbabout\u00bb _builder_version=\u00bb4.27.0&#8243; _module_preset=\u00bbdefault\u00bb custom_padding=\u00bb40px||||false|false\u00bb custom_padding_tablet=\u00bb40px||||false|false\u00bb custom_padding_phone=\u00bb40px||||false|false\u00bb global_colors_info=\u00bb{}\u00bb][et_pb_column type=\u00bb4_4&#8243; _builder_version=\u00bb4.23&#8243; _module_preset=\u00bbdefault\u00bb custom_css_main_element=\u00bbdisplay:flex;||align-items:center;||justify-content:center;\u00bb global_colors_info=\u00bb{}\u00bb][et_pb_image src=\u00bbhttps:\/\/casabrisa.es\/wp-content\/uploads\/2023\/10\/Left-SI.png\u00bb title_text=\u00bbIzquierda SI\u00bb show_bottom_space=\u00bboff\u00bb align=\u00bbright\u00bb _builder_version=\u00bb4.23&#8243; _module_preset=\u00bbdefault\u00bb width=\u00bb7%\u00bb width_tablet=\u00bb15%\u00bb width_phone=\u00bb40%\u00bb width_last_edited=\u00bbon|phone\u00bb custom_margin=\u00bb|36px|||false|false\u00bb global_colors_info=\u00bb{}\u00bb][\/et_pb_image][et_pb_text _builder_version=\u00bb4.23.1&#8243; _module_preset=\u00bbdefault\u00bb text_font=\u00bbHelvetica Neue Regular||||||||\u00bb text_text_color=\u00bb#6699af\u00bb header_2_font=\u00bbHelvetica Neue Light||||||||\u00bb header_2_text_align=\u00bbcenter\u00bb header_2_text_color=\u00bb#6699af\u00bb header_2_font_size=\u00bb37px\u00bb header_2_letter_spacing=\u00bb10px\u00bb header_2_line_height=\u00bb1.3em\u00bb custom_margin=\u00bb||0px||false|false\u00bb custom_padding=\u00bb||||false|false\u00bb header_2_font_size_tablet=\u00bb28px\u00bb header_2_font_size_phone=\u00bb26px\u00bb header_2_font_size_last_edited=\u00bbon|phone\u00bb header_2_letter_spacing_tablet=\u00bb8px\u00bb header_2_letter_spacing_phone=\u00bb4px\u00bb header_2_letter_spacing_last_edited=\u00bbon|phone\u00bb global_colors_info=\u00bb{}\u00bb]<\/p>\n<h2>CONTACTO<\/h2>\n<p>[\/et_pb_text][et_pb_image src=\u00bbhttps:\/\/casabrisa.es\/wp-content\/uploads\/2023\/10\/Right-SI.png\u00bb title_text=\u00bbDerecho SI\u00bb show_bottom_space=\u00bboff\u00bb _builder_version=\u00bb4.23&#8243; _module_preset=\u00bbdefault\u00bb width=\u00bb7%\u00bb width_tablet=\u00bb15%\u00bb width_phone=\u00bb40%\u00bb width_last_edited=\u00bbon|phone\u00bb custom_margin=\u00bb|||25px|false|false\u00bb global_colors_info=\u00bb{}\u00bb][\/et_pb_image][\/et_pb_column][\/et_pb_row][et_pb_row admin_label=\u00bbfila\u00bb _builder_version=\u00bb4.16&#8243; background_size=\u00bbinitial\u00bb background_position=\u00bbtop_left\u00bb background_repeat=\u00bbrepeat\u00bb collapsed=\u00bboff\u00bb global_colors_info=\u00bb{}\u00bb][et_pb_column type=\u00bb4_4&#8243; _builder_version=\u00bb4.16&#8243; custom_padding=\u00bb|||\u00bb global_colors_info=\u00bb{}\u00bb custom_padding__hover=\u00bb|||\u00bb][et_pb_text _builder_version=\u00bb4.23.1&#8243; _module_preset=\u00bbdefault\u00bb text_font=\u00bbHelvetica Neue Regular||||||||\u00bb text_font_size=\u00bb16px\u00bb link_text_color=\u00bb#6699AF\u00bb text_orientation=\u00bbcenter\u00bb global_colors_info=\u00bb{}\u00bb]<\/p>\n<p>Si desea reservar una habitaci\u00f3n en CASA BRISA, comprobar la disponibilidad o tiene cualquier otra pregunta o comentario, rellene el siguiente formulario.<br \/>\nHaremos todo lo posible por responder a sus consultas en un plazo de 24 horas.<br \/>\nTambi\u00e9n puede enviarnos un correo electr\u00f3nico: <a href=\"mailto:info@casabrisa.es\">info@casabrisa.es<\/a> o llamarnos por tel\u00e9fono: <a href=\"tel:+34613358364\">+34 613 358 364<\/a>.<br \/>\nEstaremos encantados de atenderle.   <\/p>\n<p>[\/et_pb_text][et_pb_contact_form captcha=\u00bboff\u00bb email=\u00bbinfo@casabrisa.es\u00bb custom_message=\u00bbLa persona indicada a continuaci\u00f3n se ha puesto en contacto contigo desde el formulario de contacto de tu sitio web.||et_pb_line_break_holder||||et_pb_line_break_holder||Nombre: %%Name%%||et_pb_line_break_holder||||et_pb_line_break_holder||Correo electr\u00f3nico: %%Email%%||et_pb_line_break_holder||||et_pb_line_break_holder||N\u00famero de m\u00f3vil: %%Mobile%%||et_pb_line_break_holder||||et_pb_line_break_holder||Pa\u00eds: %%Country%%||et_pb_line_break_holder||||et_pb_line_break_holder||Asunto: %%Subject%%||et_pb_line_break_holder||||et_pb_line_break_holder||Mensaje: %%Message%%\u00bb use_redirect=\u00bbon\u00bb redirect_url=\u00bbhttps:\/\/casabrisa.es\/es\/gracias\/\u00bb submit_button_text=\u00bbEnv\u00eda\u00bb admin_label=\u00bbContact Form\u00bb _builder_version=\u00bb4.27.4&#8243; _module_preset=\u00bbdefault\u00bb _unique_id=\u00bbd9930ca6-605d-4a05-90e7-14d719ce3797&#8243; form_field_background_color=\u00bbRGBA(255,255,255,0)\u00bb custom_button=\u00bbon\u00bb button_text_color=\u00bb#FFFFFF\u00bb button_bg_color=\u00bb#6699AF\u00bb button_border_color=\u00bb#6699AF\u00bb button_border_radius=\u00bb0px\u00bb button_use_icon=\u00bboff\u00bb width=\u00bb45%\u00bb width_tablet=\u00bb60%\u00bb width_phone=\u00bb90%\u00bb width_last_edited=\u00bbon|phone\u00bb module_alignment=\u00bbcenter\u00bb border_width_all=\u00bb1px\u00bb border_color_all=\u00bb#6699AF\u00bb global_colors_info=\u00bb{}\u00bb][et_pb_contact_field field_id=\u00bbName\u00bb field_title=\u00bbNombre\u00bb fullwidth_field=\u00bbon\u00bb _builder_version=\u00bb4.23.1&#8243; global_colors_info=\u00bb{}\u00bb button_text_size__hover_enabled=\u00bboff\u00bb button_one_text_size__hover_enabled=\u00bboff\u00bb button_two_text_size__hover_enabled=\u00bboff\u00bb button_text_color__hover_enabled=\u00bboff\u00bb button_one_text_color__hover_enabled=\u00bboff\u00bb button_two_text_color__hover_enabled=\u00bboff\u00bb button_border_width__hover_enabled=\u00bboff\u00bb button_one_border_width__hover_enabled=\u00bboff\u00bb button_two_border_width__hover_enabled=\u00bboff\u00bb button_border_color__hover_enabled=\u00bboff\u00bb button_one_border_color__hover_enabled=\u00bboff\u00bb button_two_border_color__hover_enabled=\u00bboff\u00bb button_border_radius__hover_enabled=\u00bboff\u00bb button_one_border_radius__hover_enabled=\u00bboff\u00bb button_two_border_radius__hover_enabled=\u00bboff\u00bb button_letter_spacing__hover_enabled=\u00bboff\u00bb button_one_letter_spacing__hover_enabled=\u00bboff\u00bb button_two_letter_spacing__hover_enabled=\u00bboff\u00bb button_bg_color__hover_enabled=\u00bboff\u00bb button_one_bg_color__hover_enabled=\u00bboff\u00bb button_two_bg_color__hover_enabled=\u00bboff\u00bb][\/et_pb_contact_field][et_pb_contact_field field_id=\u00bbEmail\u00bb field_title=\u00bbCorreo electr\u00f3nico\u00bb field_type=\u00bbemail\u00bb fullwidth_field=\u00bbon\u00bb _builder_version=\u00bb4.23.1&#8243; global_colors_info=\u00bb{}\u00bb button_text_size__hover_enabled=\u00bboff\u00bb button_one_text_size__hover_enabled=\u00bboff\u00bb button_two_text_size__hover_enabled=\u00bboff\u00bb button_text_color__hover_enabled=\u00bboff\u00bb button_one_text_color__hover_enabled=\u00bboff\u00bb button_two_text_color__hover_enabled=\u00bboff\u00bb button_border_width__hover_enabled=\u00bboff\u00bb button_one_border_width__hover_enabled=\u00bboff\u00bb button_two_border_width__hover_enabled=\u00bboff\u00bb button_border_color__hover_enabled=\u00bboff\u00bb button_one_border_color__hover_enabled=\u00bboff\u00bb button_two_border_color__hover_enabled=\u00bboff\u00bb button_border_radius__hover_enabled=\u00bboff\u00bb button_one_border_radius__hover_enabled=\u00bboff\u00bb button_two_border_radius__hover_enabled=\u00bboff\u00bb button_letter_spacing__hover_enabled=\u00bboff\u00bb button_one_letter_spacing__hover_enabled=\u00bboff\u00bb button_two_letter_spacing__hover_enabled=\u00bboff\u00bb button_bg_color__hover_enabled=\u00bboff\u00bb button_one_bg_color__hover_enabled=\u00bboff\u00bb button_two_bg_color__hover_enabled=\u00bboff\u00bb][\/et_pb_contact_field][et_pb_contact_field field_id=\u00bbMobile\u00bb field_title=\u00bbN\u00famero de m\u00f3vil\u00bb max_length=\u00bb10&#8243; allowed_symbols=\u00bbnumbers\u00bb fullwidth_field=\u00bbon\u00bb _builder_version=\u00bb4.25.0&#8243; global_colors_info=\u00bb{}\u00bb button_text_size__hover_enabled=\u00bboff\u00bb button_one_text_size__hover_enabled=\u00bboff\u00bb button_two_text_size__hover_enabled=\u00bboff\u00bb button_text_color__hover_enabled=\u00bboff\u00bb button_one_text_color__hover_enabled=\u00bboff\u00bb button_two_text_color__hover_enabled=\u00bboff\u00bb button_border_width__hover_enabled=\u00bboff\u00bb button_one_border_width__hover_enabled=\u00bboff\u00bb button_two_border_width__hover_enabled=\u00bboff\u00bb button_border_color__hover_enabled=\u00bboff\u00bb button_one_border_color__hover_enabled=\u00bboff\u00bb button_two_border_color__hover_enabled=\u00bboff\u00bb button_border_radius__hover_enabled=\u00bboff\u00bb button_one_border_radius__hover_enabled=\u00bboff\u00bb button_two_border_radius__hover_enabled=\u00bboff\u00bb button_letter_spacing__hover_enabled=\u00bboff\u00bb button_one_letter_spacing__hover_enabled=\u00bboff\u00bb button_two_letter_spacing__hover_enabled=\u00bboff\u00bb button_bg_color__hover_enabled=\u00bboff\u00bb button_one_bg_color__hover_enabled=\u00bboff\u00bb button_two_bg_color__hover_enabled=\u00bboff\u00bb][\/et_pb_contact_field][et_pb_contact_field field_id=\u00bbCountry\u00bb field_title=\u00bbPa\u00eds\u00bb allowed_symbols=\u00bbletters\u00bb fullwidth_field=\u00bbon\u00bb field_title_last_edited=\u00bboff|desktop\u00bb _builder_version=\u00bb4.25.0&#8243; global_colors_info=\u00bb{}\u00bb button_text_size__hover_enabled=\u00bboff\u00bb button_one_text_size__hover_enabled=\u00bboff\u00bb button_two_text_size__hover_enabled=\u00bboff\u00bb button_text_color__hover_enabled=\u00bboff\u00bb button_one_text_color__hover_enabled=\u00bboff\u00bb button_two_text_color__hover_enabled=\u00bboff\u00bb button_border_width__hover_enabled=\u00bboff\u00bb button_one_border_width__hover_enabled=\u00bboff\u00bb button_two_border_width__hover_enabled=\u00bboff\u00bb button_border_color__hover_enabled=\u00bboff\u00bb button_one_border_color__hover_enabled=\u00bboff\u00bb button_two_border_color__hover_enabled=\u00bboff\u00bb button_border_radius__hover_enabled=\u00bboff\u00bb button_one_border_radius__hover_enabled=\u00bboff\u00bb button_two_border_radius__hover_enabled=\u00bboff\u00bb button_letter_spacing__hover_enabled=\u00bboff\u00bb button_one_letter_spacing__hover_enabled=\u00bboff\u00bb button_two_letter_spacing__hover_enabled=\u00bboff\u00bb button_bg_color__hover_enabled=\u00bboff\u00bb button_one_bg_color__hover_enabled=\u00bboff\u00bb button_two_bg_color__hover_enabled=\u00bboff\u00bb][\/et_pb_contact_field][et_pb_contact_field field_id=\u00bbSubject\u00bb field_title=\u00bbAsunto\u00bb fullwidth_field=\u00bbon\u00bb _builder_version=\u00bb4.23.1&#8243; global_colors_info=\u00bb{}\u00bb button_text_size__hover_enabled=\u00bboff\u00bb button_one_text_size__hover_enabled=\u00bboff\u00bb button_two_text_size__hover_enabled=\u00bboff\u00bb button_text_color__hover_enabled=\u00bboff\u00bb button_one_text_color__hover_enabled=\u00bboff\u00bb button_two_text_color__hover_enabled=\u00bboff\u00bb button_border_width__hover_enabled=\u00bboff\u00bb button_one_border_width__hover_enabled=\u00bboff\u00bb button_two_border_width__hover_enabled=\u00bboff\u00bb button_border_color__hover_enabled=\u00bboff\u00bb button_one_border_color__hover_enabled=\u00bboff\u00bb button_two_border_color__hover_enabled=\u00bboff\u00bb button_border_radius__hover_enabled=\u00bboff\u00bb button_one_border_radius__hover_enabled=\u00bboff\u00bb button_two_border_radius__hover_enabled=\u00bboff\u00bb button_letter_spacing__hover_enabled=\u00bboff\u00bb button_one_letter_spacing__hover_enabled=\u00bboff\u00bb button_two_letter_spacing__hover_enabled=\u00bboff\u00bb button_bg_color__hover_enabled=\u00bboff\u00bb button_one_bg_color__hover_enabled=\u00bboff\u00bb button_two_bg_color__hover_enabled=\u00bboff\u00bb][\/et_pb_contact_field][et_pb_contact_field field_id=\u00bbMessage\u00bb field_title=\u00bbMensaje\u00bb field_type=\u00bbtext\u00bb fullwidth_field=\u00bbon\u00bb _builder_version=\u00bb4.23.1&#8243; global_colors_info=\u00bb{}\u00bb button_text_size__hover_enabled=\u00bboff\u00bb button_one_text_size__hover_enabled=\u00bboff\u00bb button_two_text_size__hover_enabled=\u00bboff\u00bb button_text_color__hover_enabled=\u00bboff\u00bb button_one_text_color__hover_enabled=\u00bboff\u00bb button_two_text_color__hover_enabled=\u00bboff\u00bb button_border_width__hover_enabled=\u00bboff\u00bb button_one_border_width__hover_enabled=\u00bboff\u00bb button_two_border_width__hover_enabled=\u00bboff\u00bb button_border_color__hover_enabled=\u00bboff\u00bb button_one_border_color__hover_enabled=\u00bboff\u00bb button_two_border_color__hover_enabled=\u00bboff\u00bb button_border_radius__hover_enabled=\u00bboff\u00bb button_one_border_radius__hover_enabled=\u00bboff\u00bb button_two_border_radius__hover_enabled=\u00bboff\u00bb button_letter_spacing__hover_enabled=\u00bboff\u00bb button_one_letter_spacing__hover_enabled=\u00bboff\u00bb button_two_letter_spacing__hover_enabled=\u00bboff\u00bb button_bg_color__hover_enabled=\u00bboff\u00bb button_one_bg_color__hover_enabled=\u00bboff\u00bb button_two_bg_color__hover_enabled=\u00bboff\u00bb][\/et_pb_contact_field][\/et_pb_contact_form][\/et_pb_column][\/et_pb_row][\/et_pb_section]<\/p>\n","protected":false},"excerpt":{"rendered":"<p><div class=\"et_pb_with_border et_pb_module mphb-divi-availability-search mphb-divi-availability-search_0\">\n\t\t\t\t\n\t\t\t\t\n\t\t\t\t\n\t\t\t\t\n\t\t\t\t\n\t\t\t\t\n\t\t\t\t<div class=\"et_pb_module_inner\">\n\t\t\t\t\t<div class=\"mphb_sc_search-wrapper hb-horizontal-form horizontal-left\">\n<form method=\"GET\" class=\"mphb_sc_search-form\" action=\"https:\/\/casabrisa.es\/es\/resultados-de-la-busqueda\/\" data-first_available_check_in_date=\"2026-06-02\">\n\n\t<p class = \"mphb-required-fields-tip\">\n\t<small>\n\t\tLos campos obligatorios son seguidos por\t\t<abbr title=\"required\">*<\/abbr>\n\t<\/small>\n<\/p>\n\n\t<p class=\"mphb_sc_search-check-in-date\">\n\t\t<label for=\"mphb_check_in_date-mphb-search-form-69daf2541a6c8\">\n\t\t\tFecha de\u00a0Llegada\t\t\t<abbr title=\"Formato dd\/mm\/yyyy\">*<\/abbr>\n\t\t<\/label>\n\t\t<br \/>\n\t\t<input\n\t\t\tid=\"mphb_check_in_date-mphb-search-form-69daf2541a6c8\"\n\t\t\tdata-datepick-group=\"mphb-search-form-69daf2541a6c8\"\n\t\t\tvalue=\"\"\n\t\t\tplaceholder=\"Fecha de llegada\"\n\t\t\trequired=\"required\"\n\t\t\ttype=\"text\"\n\t\t\tinputmode=\"none\"\n\t\t\tname=\"mphb_check_in_date\"\n\t\t\tclass=\"mphb-datepick\"\n\t\t\tautocomplete=\"off\"\n\t\t\t\/>\n\t<\/p>\n\n\t<p class=\"mphb_sc_search-check-out-date\">\n\t\t<label for=\"mphb_check_out_date-mphb-search-form-69daf2541a6c8\">\n\t\t\tFecha de Salida:\t\t\t<abbr title=\"Formato dd\/mm\/yyyy\">*<\/abbr>\n\t\t<\/label>\n\t\t<br \/>\n\t\t<input\n\t\t\tid=\"mphb_check_out_date-mphb-search-form-69daf2541a6c8\"\n\t\t\tdata-datepick-group=\"mphb-search-form-69daf2541a6c8\"\n\t\t\tvalue=\"\"\n\t\t\tplaceholder=\"Fecha de Salida\"\n\t\t\trequired=\"required\"\n\t\t\ttype=\"text\"\n\t\t\tinputmode=\"none\"\n\t\t\tname=\"mphb_check_out_date\"\n\t\t\tclass=\"mphb-datepick\"\n\t\t\tautocomplete=\"off\"\n\t\t\t\/>\n\t<\/p>\n\n\t\t\t<p class=\"mphb_sc_search-adults\">\n\t\t\t<label for=\"mphb_adults-mphb-search-form-69daf2541a6c8\">\n\t\t\t\tPersonas\t\t\t<\/label>\n\t\t\t<br \/>\n\t\t\t<select id=\"mphb_adults-mphb-search-form-69daf2541a6c8\" name=\"mphb_adults\" >\n\t\t\t\t\t\t\t\t\t<option value=\"1\"  selected='selected'>1<\/option>\n\t\t\t\t\t\t\t\t\t<option value=\"2\" >2<\/option>\n\t\t\t\t\t\t\t\t\t<option value=\"3\" >3<\/option>\n\t\t\t\t\t\t\t\t\t<option value=\"4\" >4<\/option>\n\t\t\t\t\t\t\t<\/select>\n\t\t<\/p>\n\t\n\t\t\t<input type=\"hidden\" id=\"mphb_children-mphb-search-form-69daf2541a6c8\" name=\"mphb_children\" value=\"0\" \/>\n\t\n\t\n\t\n\t<input id=\"mphb_check_in_date-mphb-search-form-69daf2541a6c8-hidden\" value=\"\" type=\"hidden\" name=\"mphb_check_in_date\" \/><input id=\"mphb_check_out_date-mphb-search-form-69daf2541a6c8-hidden\" value=\"\" type=\"hidden\" name=\"mphb_check_out_date\" \/>\n\t<p class=\"mphb_sc_search-submit-button-wrapper\">\n\t\t<input type=\"submit\" class=\"button\" value=\"Buscar en\"\/>\n\t<\/p>\n\n\t\n<\/form>\n<\/div>\n\t\t\t\t<\/div>\n\t\t\t<\/div>HERMOSO ALOJAMIENTO SOLO PARA HOMBRESUna hermosa, moderna y tranquila casa de hu\u00e9spedes boutique para hombres, ubicada a menos de 45 minutos del Aeropuerto Internacional de Barcelona. Nuestra propiedad se encuentra en la frontera del Parque Natural del Garraf, con la famosa regi\u00f3n vin\u00edcola del [&hellip;]<\/p>\n","protected":false},"author":2,"featured_media":0,"parent":0,"menu_order":0,"comment_status":"closed","ping_status":"closed","template":"","meta":{"_et_pb_use_builder":"on","_et_pb_old_content":"","_et_gb_content_width":"","footnotes":""},"class_list":["post-2717","page","type-page","status-publish","hentry"],"_links":{"self":[{"href":"https:\/\/casabrisa.es\/es\/wp-json\/wp\/v2\/pages\/2717","targetHints":{"allow":["GET"]}}],"collection":[{"href":"https:\/\/casabrisa.es\/es\/wp-json\/wp\/v2\/pages"}],"about":[{"href":"https:\/\/casabrisa.es\/es\/wp-json\/wp\/v2\/types\/page"}],"author":[{"embeddable":true,"href":"https:\/\/casabrisa.es\/es\/wp-json\/wp\/v2\/users\/2"}],"replies":[{"embeddable":true,"href":"https:\/\/casabrisa.es\/es\/wp-json\/wp\/v2\/comments?post=2717"}],"version-history":[{"count":8,"href":"https:\/\/casabrisa.es\/es\/wp-json\/wp\/v2\/pages\/2717\/revisions"}],"predecessor-version":[{"id":4656,"href":"https:\/\/casabrisa.es\/es\/wp-json\/wp\/v2\/pages\/2717\/revisions\/4656"}],"wp:attachment":[{"href":"https:\/\/casabrisa.es\/es\/wp-json\/wp\/v2\/media?parent=2717"}],"curies":[{"name":"wp","href":"https:\/\/api.w.org\/{rel}","templated":true}]}}